{"id":34016,"date":"2014-06-25T12:00:00","date_gmt":"2014-06-25T16:00:00","guid":{"rendered":"https:\/\/www.diabete.qc.ca\/en\/shop\/depliant-corporatif-de-diabete-quebec-en-creole\/"},"modified":"2024-07-26T11:54:13","modified_gmt":"2024-07-26T15:54:13","slug":"depliant-corporatif-de-diabete-quebec-en-creole","status":"publish","type":"product","link":"https:\/\/www.diabete.qc.ca\/en\/shop\/depliant-corporatif-de-diabete-quebec-en-creole\/","title":{"rendered":"Diabetes Qu\u00e9bec corporate flyer (in Ha\u00eftian Creole)"},"content":{"rendered":"\n<p><strong><strong>Ache pa lo chak lo gen 10 egzanpl\u00e8 ladann. \/ Sold in packs of 10 copies.<\/strong><br><br><\/strong>*F\u00e8y enf\u00f2masyon yo, se pou pwofesyon\u00e8l sante yo s\u00e8lman. N ap konfime fr\u00e8 postal yo pi devan. \/ *Exclusive flyers for health professionals. Postal costs to be determined.<\/p>\n\n\n\n<p><strong>Si ou vle k\u00f2mande plis pase sis (6) lo dokiman, tanpri voye&nbsp;k\u00f2mann ou bay<\/strong><strong><a href=\"mailto:commandes@diabete.qc.ca\">commandes@diabete.qc.ca<\/a>.&nbsp;<\/strong>\/&nbsp;<strong>If you want to order 6 or more packages of our brochure, please send your request to&nbsp;<a href=\"mailto:commandes@diabete.qc.ca\" target=\"_blank\" rel=\"noreferrer noopener\">commandes@diabete.qc.ca<\/a>.<\/strong><\/p>\n","protected":false},"excerpt":{"rendered":"<p>Ache pa lo chak lo gen 10 egzanpl\u00e8 ladann. \/ Sold in packs of 10 copies. *F\u00e8y enf\u00f2masyon yo, se pou pwofesyon\u00e8l sante yo s\u00e8lman. N ap konfime fr\u00e8 postal yo pi devan. \/ *Exclusive flyers for health professionals. Postal costs to be determined. Si ou vle k\u00f2mande plis pase sis (6) lo dokiman, tanpri&hellip;<\/p>\n","protected":false},"featured_media":34015,"template":"","product-category":[287],"class_list":["post-34016","product","type-product","status-publish","has-post-thumbnail","hentry","product-category-flyers-creole"],"acf":[],"_links":{"self":[{"href":"https:\/\/www.diabete.qc.ca\/en\/wp-json\/wp\/v2\/product\/34016","targetHints":{"allow":["GET"]}}],"collection":[{"href":"https:\/\/www.diabete.qc.ca\/en\/wp-json\/wp\/v2\/product"}],"about":[{"href":"https:\/\/www.diabete.qc.ca\/en\/wp-json\/wp\/v2\/types\/product"}],"wp:featuredmedia":[{"embeddable":true,"href":"https:\/\/www.diabete.qc.ca\/en\/wp-json\/wp\/v2\/media\/34015"}],"wp:attachment":[{"href":"https:\/\/www.diabete.qc.ca\/en\/wp-json\/wp\/v2\/media?parent=34016"}],"wp:term":[{"taxonomy":"product-category","embeddable":true,"href":"https:\/\/www.diabete.qc.ca\/en\/wp-json\/wp\/v2\/product-category?post=34016"}],"curies":[{"name":"wp","href":"https:\/\/api.w.org\/{rel}","templated":true}]}}