{"id":33865,"date":"2014-06-25T02:00:00","date_gmt":"2014-06-25T06:00:00","guid":{"rendered":"https:\/\/www.diabete.qc.ca\/en\/shop\/ipeglisemi-twop-sik-nan-san\/"},"modified":"2024-07-26T11:52:13","modified_gmt":"2024-07-26T15:52:13","slug":"ipeglisemi-twop-sik-nan-san","status":"publish","type":"product","link":"https:\/\/www.diabete.qc.ca\/en\/shop\/ipeglisemi-twop-sik-nan-san\/","title":{"rendered":"Ip\u00e8glisemi (tw\u00f2p sik nan san) \/ High blood sugar"},"content":{"rendered":"\n<p><strong>Ache pa lo chak lo gen 10 egzanpl\u00e8 ladann. \/ Sold in packs of 10 copies.<br><br><\/strong>*F\u00e8y enf\u00f2masyon yo, se pou pwofesyon\u00e8l sante yo s\u00e8lman. N ap konfime fr\u00e8 postal yo pi devan. \/ *Exclusive flyers for health professionals. Postal costs to be determined.<br><br><strong>Si ou vle k\u00f2mande plis pase sis (6) lo dokiman, tanpri voye&nbsp;k\u00f2mann ou bay<a href=\"mailto:commandes@diabete.qc.ca\">commandes@diabete.qc.ca<\/a>. <\/strong>\/ <strong>If you want to order 6 or more packages of our brochure, please send your request to&nbsp;<a href=\"mailto:commandes@diabete.qc.ca\" target=\"_blank\" rel=\"noreferrer noopener\">commandes@diabete.qc.ca<\/a>.<\/strong><\/p>\n","protected":false},"excerpt":{"rendered":"<p>Sa se yon f\u00e8y enf\u00f2masyon ki montre sent\u00f2m ip\u00e8glisemi a epi ki bay endikasyon sou k\u00f2z ak tretman li. \/ This leaflet illustrates the symptoms of high blood sugar and provides guidance on causes and treatment.<\/p>\n","protected":false},"featured_media":33801,"template":"","product-category":[287],"class_list":["post-33865","product","type-product","status-publish","has-post-thumbnail","hentry","product-category-flyers-creole"],"acf":[],"_links":{"self":[{"href":"https:\/\/www.diabete.qc.ca\/en\/wp-json\/wp\/v2\/product\/33865","targetHints":{"allow":["GET"]}}],"collection":[{"href":"https:\/\/www.diabete.qc.ca\/en\/wp-json\/wp\/v2\/product"}],"about":[{"href":"https:\/\/www.diabete.qc.ca\/en\/wp-json\/wp\/v2\/types\/product"}],"wp:featuredmedia":[{"embeddable":true,"href":"https:\/\/www.diabete.qc.ca\/en\/wp-json\/wp\/v2\/media\/33801"}],"wp:attachment":[{"href":"https:\/\/www.diabete.qc.ca\/en\/wp-json\/wp\/v2\/media?parent=33865"}],"wp:term":[{"taxonomy":"product-category","embeddable":true,"href":"https:\/\/www.diabete.qc.ca\/en\/wp-json\/wp\/v2\/product-category?post=33865"}],"curies":[{"name":"wp","href":"https:\/\/api.w.org\/{rel}","templated":true}]}}