{"id":24411,"date":"2019-07-22T00:00:00","date_gmt":"2019-07-22T04:00:00","guid":{"rendered":"https:\/\/www.diabete.qc.ca\/le-diabete\/la-gestion-du-diabete\/alimentation\/les-legumineuses\/"},"modified":"2023-07-07T09:40:19","modified_gmt":"2023-07-07T13:40:19","slug":"legumes-and-pulses","status":"publish","type":"page","link":"https:\/\/www.diabete.qc.ca\/en\/diabetes\/diabetes-management\/diet\/legumes-and-pulses\/","title":{"rendered":"Legumes and Pulses"},"content":{"rendered":"\n<div class=\"wp-block-columns is-layout-flex wp-container-core-columns-is-layout-28f84493 wp-block-columns-is-layout-flex\">\n<div class=\"wp-block-column is-layout-flow wp-block-column-is-layout-flow\" style=\"flex-basis:66.66%\">\n<p><\/p>\n\n\n\n<p><\/p>\n\n\n\n<p>Legumes and pulses come in various shapes and colours. Sometimes called \u201cdried beans,\u201d they are the dried seeds from plants that produce seedpods. Here are a few varieties:<\/p>\n\n\n\n<ul class=\"wp-block-list\">\n<li>Dried beans: red, white, black, pinto, adzuki, Lima, mung, fava, soybeans, etc.<\/li>\n\n\n\n<li>Dried peas: whole, split, chickpeas, etc.<\/li>\n\n\n\n<li>Lentils: green, red, brown, etc.<\/li>\n<\/ul>\n<\/div>\n\n\n\n<div class=\"wp-block-column is-layout-flow wp-block-column-is-layout-flow\" style=\"flex-basis:33.33%\">\n<figure class=\"wp-block-image size-full\"><img loading=\"lazy\" decoding=\"async\" width=\"294\" height=\"260\" src=\"https:\/\/www.diabete.qc.ca\/wp-content\/uploads\/2023\/02\/Les-legumineuses.png\" alt=\"\" class=\"wp-image-14624\"\/><\/figure>\n<\/div>\n<\/div>\n\n\n\n<p><\/p>\n\n\n<div class=\" block-background theme-block theme-block--innerblock alignfull bg-color--white no-curve large-grey-sun-middle\" >\n\n  <span class=\"theme-block__label\">Section with background<\/span>\n  \n      <div class=\"background-img\">\n      <img decoding=\"async\" src=\"https:\/\/www.diabete.qc.ca\/wp-content\/themes\/diabete.qc.ca\/dist\/images\/block-background\/large-grey-sun-middle.svg\" alt=\"\">\n    <\/div>\n  \n  \n    \n\n<p class=\"has-text-align-center\">Besides being economical and versatile, legumes provide excellent nutritional value.<\/p>\n\n\n\n<\/div>\n\n                    \n\n\n\n<h2 class=\"wp-block-heading\">Why include them in your menus?<\/h2>\n\n\n\n<p>Besides being economical and versatile, legumes provide excellent nutritional value. They are:<\/p>\n\n\n\n<ul class=\"wp-block-list\">\n<li>High in&nbsp;carbohydrates&nbsp;and&nbsp;protein. Consequently, they are considered both a&nbsp;starch&nbsp;and a&nbsp;<a href=\"\/en\/diabetes\/diabetes-management\/diet\/meat-and-its-alternatives\/\" target=\"_blank\" rel=\"noreferrer noopener\">meat alternative<\/a>.<\/li>\n\n\n\n<li>Low in fat and&nbsp;saturated fats. Thus, they are a beneficial meat alternative.<\/li>\n\n\n\n<li>Very high in&nbsp;<a href=\"\/en\/diabetes\/diabetes-management\/diet\/the-diabetes-diet\/dietary-fibre\/\" target=\"_blank\" rel=\"noreferrer noopener\">dietary fibre<\/a>, which contributes to their satiating effect (that full feeling), and are therefore helpful in controlling blood sugar and preventing&nbsp;cardiovascular&nbsp;disease.<\/li>\n\n\n\n<li>High in vitamins and minerals, including an excellent source of iron (if eaten with a source of vitamin&nbsp;C).<\/li>\n<\/ul>\n\n\n\n<p>Diets high in dietary pulses help reduce&nbsp;blood pressure&nbsp;and control body weight in people with and without diabetes.<\/p>\n\n\n\n<h2 class=\"wp-block-heading\">How to cook them<\/h2>\n\n\n\n<p>Legumes are a good meat replacement. They add&nbsp;protein&nbsp;to vegetable soups, thicken a soup, replace all or some of the meat in your favourite dishes (shepherd\u2019s pie, spaghetti sauce, etc.) and can even be added to salads or dips.<\/p>\n\n\n\n<h3 class=\"wp-block-heading\">Canned legumes<\/h3>\n\n\n\n<p>Cooked canned legumes are a practical and quick way to use them. The water they are cooked in is high in salt but all you have to do is discard this water and rinse well to eliminate the excess salt. By doing so, you also get rid of the sugars that cause intestinal gas.<\/p>\n\n\n\n<h3 class=\"wp-block-heading\">Preparing dried legumes<\/h3>\n\n\n\n<p>At the store, select firm, shiny and brightly coloured legumes. Dried legumes keep for a long time when protected from heat, light and humidity.<\/p>\n\n\n\n<h4 class=\"wp-block-heading\">Preparation<\/h4>\n\n\n\n<p>Before cooking dried legumes, you must first:<\/p>\n\n\n\n<ul class=\"wp-block-list\">\n<li>Sort them to remove any that are broken<\/li>\n\n\n\n<li>Rinse them to remove any impurities<\/li>\n\n\n\n<li>Soak them in three times their volume of cold water.<\/li>\n<\/ul>\n\n\n\n<p>Soak legumes in the fridge for six to eight hours, or overnight, and then discard the water. Do not use the soak water to cook the legumes. You don\u2019t have to soak lentils or split peas; simply rinse them.<\/p>\n\n\n\n<h4 class=\"wp-block-heading\">Tip<\/h4>\n\n\n\n<p>To reduce soaking time, boil legumes for two minutes, take them off the heat and let them rest in the hot water for an hour. Discard the soak water and use fresh water for cooking.<\/p>\n\n\n\n<h4 class=\"wp-block-heading\">Cooking<\/h4>\n\n\n\n<p>Cooking time varies by type of legume:<\/p>\n\n\n\n<figure class=\"wp-block-table\"><table><tbody><tr><td><strong>L\u00e9gumineuses<\/strong><\/td><td><strong>Temps de cuisson<\/strong><\/td><\/tr><tr><td>Beans<\/td><td>1 to 1,5 hours<\/td><\/tr><tr><td>Whole peas<\/td><td>1,5 to 2 hours<\/td><\/tr><tr><td>Split peas<\/td><td>45 minutes<\/td><\/tr><tr><td>Lentils*<\/td><td>30 minutes<\/td><\/tr><tr><td>Chickpeas<\/td><td>1,5 to 2 hours<\/td><\/tr><\/tbody><\/table><figcaption class=\"wp-element-caption\">* Red and French lentils cook in only 10 minutes.<\/figcaption><\/figure>\n\n\n\n<h3 class=\"wp-block-heading\">Storage<\/h3>\n\n\n\n<p>Once cooked and drained, legumes keep for five days in a hermetically sealed container in the fridge, or up to six months in the freezer.<\/p>\n\n\n\n<h2 class=\"wp-block-heading\">To prevent intestinal discomfort<\/h2>\n\n\n\n<p>Some people find that legumes make them bloated or gaseous. Here are some tips to reduce or eliminate these annoying side effects:<\/p>\n\n\n\n<ul class=\"wp-block-list\">\n<li>If you use canned legumes, discard the water in the can and rinse them well.<\/li>\n\n\n\n<li>If you use dried legumes:\n<ul class=\"wp-block-list\">\n<li>Before cooking, soak the legumes in the fridge rather than at room temperature.<\/li>\n\n\n\n<li>Be sure to discard the soak water.<\/li>\n\n\n\n<li>Cook them longer: legumes should crush easily with a fork.<\/li>\n<\/ul>\n<\/li>\n\n\n\n<li>Gradually increase the frequency and quantity of the legumes you eat. As your intestines adapt over time to more&nbsp;<a href=\"https:\/\/www.diabete.qc.ca\/en\/glossary#dietary-fibre\">dietary fibre<\/a>, problems with gas should subside.<\/li>\n\n\n\n<li>Avoid eating very sweet foods with a meal containing legumes.<\/li>\n\n\n\n<li>When you eat legumes, avoid eating other foods that can cause flatulence, such as broccoli, cabbage, etc.<\/li>\n<\/ul>\n\n\n\n<p>There are drops and tablets on the market that help prevent intestinal gas (e.g.: Beano\u00ae). They can be found on drugstore shelves. Ask your pharmacist if such a product is safe to take with your medication.<\/p>\n\n\n\n<p>Research and adaptation: Diabetes Qu\u00e9bec Team of Dietitians<\/p>\n\n\n\n<p>Adapted from: L\u00e9vesque, Danielle and Trudeau, Lysanne, Dietitians, (Fall 1994) \u201c\u00c0 la d\u00e9couverte des l\u00e9gumineuses.\u201d Plein Soleil, Diabetes Qu\u00e9bec, pp. 110-116.<\/p>\n\n\n\n<p>Other reference: Sievenpiper J, Chan C, Dworatzek P et al. Diabetes Canada 2018 Clinical Practice Guidelines for the Prevention and Management of Diabetes in Canada: Nutrition Therapy. Can J Diabetes 2018; 42 (Suppl 1): S64-S79.<\/p>\n\n\n\n<p>December 2014 (updated on July 2018)<\/p>\n\n\n\n<p>\u00a9 All rights reserved Diabetes Qu\u00e9bec<\/p>\n\n\n\n<h2 class=\"wp-block-heading\">Lupin<\/h2>\n\n\n\n<p>Lupins are a legume, just like lentils, chickpeas, and beans. In addition to being economical and versatile, legumes have excellent nutritional value and are a good choice for people living with diabetes.<\/p>\n\n\n\n<h2 class=\"wp-block-heading\">Nutritional value of lupins<\/h2>\n\n\n\n<p>Nutritional value of 125 ml (1\/2 cup) of canned legumes:<\/p>\n\n\n\n<figure class=\"wp-block-table\"><table><tbody><tr><td><\/td><td><strong>Lupins&nbsp; &nbsp; &nbsp; &nbsp; &nbsp; &nbsp; &nbsp;<\/strong><\/td><td><strong>lentils<\/strong><\/td><td><strong>Chickpeas<\/strong><\/td><td><strong>Red beans<\/strong><\/td><\/tr><tr><td>Lipids (g)<\/td><td>2.5<\/td><td>0<\/td><td>2<\/td><td>0<\/td><\/tr><tr><td>Sodium (mg)<\/td><td>390<\/td><td>150<\/td><td>120<\/td><td>95<\/td><\/tr><tr><td>Carbohydrates (g)<\/td><td>11<\/td><td>14<\/td><td>18<\/td><td>12<\/td><\/tr><tr><td>Fibers (g)<\/td><td>8<\/td><td>4<\/td><td>4<\/td><td>5<\/td><\/tr><tr><td>Proteins (g)<\/td><td>5<\/td><td>6<\/td><td>6<\/td><td>5<\/td><\/tr><\/tbody><\/table><\/figure>\n\n\n\n<p>Lupins contain twice as much fiber as the other legumes mentioned, which is a significant advantage for people living with diabetes!<\/p>\n\n\n\n<p>Like other legumes, lupins are a very interesting meat substitute due to their protein content.<\/p>\n\n\n\n<p>Due to their higher sodium content, if consumed canned, it is advisable to rinse them well and prepare them without adding salt.<\/p>\n\n\n\n<h2 class=\"wp-block-heading\">How to consume lupins?<\/h2>\n\n\n\n<p>Throughout the Mediterranean region, lupins are traditionally consumed as a snack or appetizer. Although the name may vary by country, the way it is eaten is similar: in brine, accompanied by a drink. In Quebec, it is possible to find lupins in brine at specialized grocery stores, particularly Italian, Portuguese, or Spanish grocery stores. However, it&#8217;s important to note that they can be very salty as a snack.<\/p>\n\n\n\n<p>Alternatively, in most grocery stores, lupins are sold dried or canned. They can be cooked and consumed like any other legume: in salads, soups, sauces, etc. However, if you decide to buy them dried and cook them yourself, be prepared for a longer process. Lupins have a very bitter taste and need to be soaked, cooked, and soaked again. The process takes about 4 days.<\/p>\n\n\n\n<p>In Europe, lupins are processed similar to soy, and you can find lupin burgers, lupin yogurt, and various processed products made from lupin flour, among others. Due to its growing popularity and versatility, lupins are often referred to as the new soy. This trend is starting to emerge in Quebec, and we will certainly see more lupin-based products on grocery store shelves.<\/p>\n\n\n\n<h2 class=\"wp-block-heading\">Beware of allergies<\/h2>\n\n\n\n<p>Allergies alimentaires Canada warns individuals with peanut allergies against consuming lupins as they belong to the same legume family. Studies suggest that individuals allergic to peanuts are more likely to be allergic to lupins as well. Specifically, a study demonstrated that out of 23 people with peanut allergies, 15 were also allergic to lupin flour.<\/p>\n","protected":false},"excerpt":{"rendered":"<p>Legumes and pulses come in various shapes and colours. Sometimes called \u201cdried beans,\u201d they are the dried seeds from plants that produce seedpods. Here are a few varieties: Why include them in your menus? Besides being economical and versatile, legumes provide excellent nutritional value. They are: Diets high in dietary pulses help reduce&nbsp;blood pressure&nbsp;and control&hellip;<\/p>\n","protected":false},"author":1,"featured_media":18195,"parent":24358,"menu_order":113,"comment_status":"closed","ping_status":"closed","template":"","meta":{"_acf_changed":false,"_relevanssi_hide_post":"","_relevanssi_hide_content":"","_relevanssi_pin_for_all":"","_relevanssi_pin_keywords":"","_relevanssi_unpin_keywords":"","_relevanssi_related_keywords":"","_relevanssi_related_include_ids":"","_relevanssi_related_exclude_ids":"","_relevanssi_related_no_append":"","_relevanssi_related_not_related":"","_relevanssi_related_posts":"7588,7531,10292,12656,12718,9530","_relevanssi_noindex_reason":"","footnotes":""},"class_list":["post-24411","page","type-page","status-publish","has-post-thumbnail","hentry"],"acf":[],"_links":{"self":[{"href":"https:\/\/www.diabete.qc.ca\/en\/wp-json\/wp\/v2\/pages\/24411","targetHints":{"allow":["GET"]}}],"collection":[{"href":"https:\/\/www.diabete.qc.ca\/en\/wp-json\/wp\/v2\/pages"}],"about":[{"href":"https:\/\/www.diabete.qc.ca\/en\/wp-json\/wp\/v2\/types\/page"}],"author":[{"embeddable":true,"href":"https:\/\/www.diabete.qc.ca\/en\/wp-json\/wp\/v2\/users\/1"}],"replies":[{"embeddable":true,"href":"https:\/\/www.diabete.qc.ca\/en\/wp-json\/wp\/v2\/comments?post=24411"}],"version-history":[{"count":3,"href":"https:\/\/www.diabete.qc.ca\/en\/wp-json\/wp\/v2\/pages\/24411\/revisions"}],"predecessor-version":[{"id":29849,"href":"https:\/\/www.diabete.qc.ca\/en\/wp-json\/wp\/v2\/pages\/24411\/revisions\/29849"}],"up":[{"embeddable":true,"href":"https:\/\/www.diabete.qc.ca\/en\/wp-json\/wp\/v2\/pages\/24358"}],"wp:featuredmedia":[{"embeddable":true,"href":"https:\/\/www.diabete.qc.ca\/en\/wp-json\/wp\/v2\/media\/18195"}],"wp:attachment":[{"href":"https:\/\/www.diabete.qc.ca\/en\/wp-json\/wp\/v2\/media?parent=24411"}],"curies":[{"name":"wp","href":"https:\/\/api.w.org\/{rel}","templated":true}]}}