{"id":24398,"date":"2019-09-04T00:00:00","date_gmt":"2019-09-04T04:00:00","guid":{"rendered":"https:\/\/www.diabete.qc.ca\/don-en-argent\/"},"modified":"2024-11-05T09:42:57","modified_gmt":"2024-11-05T14:42:57","slug":"cash-donation","status":"publish","type":"page","link":"https:\/\/www.diabete.qc.ca\/en\/cash-donation\/","title":{"rendered":"Donations"},"content":{"rendered":"\n<p>Make a donation to support Diabetes Qu\u00e9bec in its fight againt diabetes. A tax recept will be automatically issued for any donation of 10$ or more.<\/p>\n\n\n\n<h3 class=\"wp-block-heading\" id=\"don_unique\">Unique donation<\/h3>\n\n\n\n<p>Make a donation to encourage Diabetes Qu\u00e9bec in achieving its mission.<\/p>\n\n\n\n<div class=\"wp-block-buttons is-layout-flex wp-block-buttons-is-layout-flex\">\n<div class=\"wp-block-button\"><a class=\"wp-block-button__link wp-element-button\" href=\"https:\/\/eudonet.diabete.qc.ca\/specif\/eudo_dq\/web\/#\/faire-un-don?lang=en\" target=\"_blank\" rel=\"noreferrer noopener\">Make a unique donation<\/a><\/div>\n<\/div>\n\n\n\n<hr class=\"wp-block-separator has-text-color has-grey-800-color has-alpha-channel-opacity has-grey-800-background-color has-background is-style-default\"\/>\n\n\n\n<h3 class=\"wp-block-heading\" id=\"don_memoriam\">In Memoriam<\/h3>\n\n\n\n<p>Make a donation to express your sympathy to the bereaved family while supporting a good cause. All donations received are entirely dedicated to promoting the advancement of diabetes research.<\/p>\n\n\n\n<p>We will send a sympathy card to the family in your name or fax it to the Funeral Home, if you request.<\/p>\n\n\n\n<div class=\"wp-block-buttons is-layout-flex wp-block-buttons-is-layout-flex\">\n<div class=\"wp-block-button\"><a class=\"wp-block-button__link wp-element-button\" href=\"https:\/\/eudonet.diabete.qc.ca\/specif\/eudo_dq\/web\/#\/faire-un-don\/in-memoriam?lang=en\" target=\"_blank\" rel=\"noreferrer noopener\">Make a In Memoriam donation<\/a><\/div>\n<\/div>\n\n\n\n<hr class=\"wp-block-separator has-alpha-channel-opacity\"\/>\n\n\n\n<h3 class=\"wp-block-heading\" id=\"don_mensuel\">Monthly donation (Creators of hope)<\/h3>\n\n\n\n<p>Choisissez le montant qui sera d\u00e9duit chaque mois du compte de votre institution financi\u00e8re ou de votre carte de cr\u00e9dit. \u00c0 la fin de l\u2019ann\u00e9e, vous recevrez un re\u00e7u pour don de charit\u00e9 au montant total de vos contributions. Vous gagnez ainsi temps et argent, tout en nous permettant de r\u00e9duire nos frais d\u2019administration. En tout temps, vous pouvez annuler ou modifier cette entente simplement en communiquant avec Diab\u00e8te Qu\u00e9bec. Un minimum de 5 $ par mois est requis. Pour plus de d\u00e9tails : 514 259-3422, poste 227.<\/p>\n\n\n\n<div class=\"wp-block-buttons is-layout-flex wp-block-buttons-is-layout-flex\">\n<div class=\"wp-block-button\"><a class=\"wp-block-button__link wp-element-button\" href=\"https:\/\/eudonet.diabete.qc.ca\/specif\/eudo_dq\/web\/#\/faire-un-don?lang=en\" target=\"_blank\" rel=\"noreferrer noopener\">Make a monthly donation<\/a><\/div>\n<\/div>\n\n\n\n<hr class=\"wp-block-separator has-alpha-channel-opacity\"\/>\n\n\n\n<h3 class=\"wp-block-heading\" id=\"don_honoriam\">In Honoriam<\/h3>\n\n\n\n<p>Make a donation in honor of a loved one, an anniversary, a birthday, a graduation or to wish a good recovery or for a special occasion.<\/p>\n\n\n\n<p>At a wedding, to thank guests and friends and send a donation in their name or to mark this unforgettable occasion.<\/p>\n\n\n\n<p>We will send a letter to the honoree.<\/p>\n\n\n\n<div class=\"wp-block-buttons is-layout-flex wp-block-buttons-is-layout-flex\">\n<div class=\"wp-block-button\"><a class=\"wp-block-button__link wp-element-button\" href=\"https:\/\/eudonet.diabete.qc.ca\/specif\/eudo_dq\/web\/#\/faire-un-don\/in-honoriam?lang=en\" target=\"_blank\" rel=\"noreferrer noopener\">Make a In Honoriam donation<\/a><\/div>\n<\/div>\n\n\n\n<hr class=\"wp-block-separator has-alpha-channel-opacity\"\/>\n\n\n\n<h3 class=\"wp-block-heading\" id=\"don_majeur\">Major or planned donations<\/h3>\n\n\n\n<p>Did you know that you can plan your charitable donations to Diabetes Qu\u00e9bec to gain maximum tax benefits for you and your loved ones?<\/p>\n\n\n\n<p>Planned giving is an integral part of financial, tax and estate planning. It is not only a gesture of generosity; it is also a tax-effective way to help Diabetes Qu\u00e9bec pursue its mission for future generations living with diabetes. Regardless of the size of your assets, planned giving should be given serious consideration.<\/p>\n\n\n\n<p>While direct and spontaneous donations are essential to helping Diabetes Qu\u00e9bec meet its current needs and those of the clientele it serves, major and planned donations let us plan our mission and our actions for the long term.&nbsp;&nbsp;<\/p>\n\n\n\n<p><strong>Choosing to make a major or planned donation means taking action today that will bear fruit tomorrow.<\/strong><\/p>\n\n\n\n<p>For information on how to make a major or planned gift to Diab\u00e8te Qu\u00e9bec, please contact Diane Charbonneau, Senior Advisor, Development and philanthropic partnerships at 514 259-3422 ext. 231 or by e-mail at <a href=\"mailto:lauzon@diabete.qc.ca\">charbonneau@diabete.qc.ca<\/a>.<\/p>\n\n\n\n<p><strong>There are many ways to make a major or planned donation to our organization. Be sure to consult a professional, such as a notary, financial advisor, tax specialist, or wealth manager, etc.&nbsp;<\/strong><\/p>\n\n\n  <section  class=\"block-accordions-group theme-block theme-block--innerblock aligndefault\" >\n        \n    <div class=\"acf-innerblocks-container\">\n    \n<section class=\"accordion\">\n  <div class=\"accordion__table\">\n    <div class=\"accordion__accordion\">\n          \n      <button class=\"accordion__header-row accordion-toggle\" id=\"accordion69ffe4ac444d3id\" aria-controls=\"sect69ffe4ac444d3\" aria-expanded=\"false\"\n        aria-label=\"Open or close accordion &quot;A bequest or testamentary gift&quot;.\">\n                  <span class=\"accordion__header__title\">A bequest or testamentary gift<\/span>\n                <span class=\"accordion__header__icon\" role=\"presentation\">\n          <i class=\"icon icon-arrow-down\"><\/i>\n        <\/span>\n      <\/button>\n    \n        \n      <div class=\"accordion__sub-rows wysiwyg\" id=\"sect69ffe4ac444d3\" role=\"region\" aria-labelledby=\"accordion69ffe4ac444d3id\">\n        <div class=\"acf-innerblocks-container\">\n\n<p>A bequest or testamentary gift is a gift specified in a will. It is revocable and takes effect upon the death of the donor.&nbsp; After planning the gifts to your loved ones, making a bequest to Diabetes Qu\u00e9bec demonstrates your enduring connection to our organization and its noble mission. Your gift is a testament to your generosity, which will reach beyond your death.<\/p>\n\n\n\n<p>For more information, <a href=\"https:\/\/www.diabete.qc.ca\/wp-content\/uploads\/2024\/07\/DQ_Legs_testamentaires.pdf\" target=\"_blank\" data-type=\"link\" data-id=\"https:\/\/www.diabete.qc.ca\/wp-content\/uploads\/2024\/07\/DQ_Legs_testamentaires.pdf\" rel=\"noreferrer noopener\">click here<\/a> (in French only).<\/p>\n\n<\/div>      <\/div>\n\n    <\/div>\n  <\/div>\n<\/section>\n\n\n    \n<section class=\"accordion\">\n  <div class=\"accordion__table\">\n    <div class=\"accordion__accordion\">\n          \n      <button class=\"accordion__header-row accordion-toggle\" id=\"accordion69ffe4ac449a5id\" aria-controls=\"sect69ffe4ac449a5\" aria-expanded=\"false\"\n        aria-label=\"Open or close accordion &quot;A donation of listed securities&quot;.\">\n                  <span class=\"accordion__header__title\">A donation of listed securities<\/span>\n                <span class=\"accordion__header__icon\" role=\"presentation\">\n          <i class=\"icon icon-arrow-down\"><\/i>\n        <\/span>\n      <\/button>\n    \n        \n      <div class=\"accordion__sub-rows wysiwyg\" id=\"sect69ffe4ac449a5\" role=\"region\" aria-labelledby=\"accordion69ffe4ac449a5id\">\n        <div class=\"acf-innerblocks-container\">\n\n<p>Donating publicly traded securities (stocks, mutual funds, bonds or other securities listed on a Canadian, U.S. or international stock exchange) lets you give to Diabetes Qu\u00e9bec at little cost.<\/p>\n\n\n\n<p>However, you must be sure to <strong>transfer<\/strong> the securities, not sell them, so that Diabetes Qu\u00e9bec can receive the proceeds.&nbsp; By transferring securities directly to Diabetes Qu\u00e9bec, any eventual capital gains will not be taxed in your hands, which will reduce the cost of your donation.<\/p>\n\n\n\n<p>The amount of the donation that will appear on your official charitable donation receipt will be the market value of the securities at the close of the business day on the date on which your publicly traded securities were transferred.<\/p>\n\n<\/div>      <\/div>\n\n    <\/div>\n  <\/div>\n<\/section>\n\n\n    \n<section class=\"accordion\">\n  <div class=\"accordion__table\">\n    <div class=\"accordion__accordion\">\n          \n      <button class=\"accordion__header-row accordion-toggle\" id=\"accordion69ffe4ac44d7eid\" aria-controls=\"sect69ffe4ac44d7e\" aria-expanded=\"false\"\n        aria-label=\"Open or close accordion &quot;A charitable gift annuity&quot;.\">\n                  <span class=\"accordion__header__title\">A charitable gift annuity<\/span>\n                <span class=\"accordion__header__icon\" role=\"presentation\">\n          <i class=\"icon icon-arrow-down\"><\/i>\n        <\/span>\n      <\/button>\n    \n        \n      <div class=\"accordion__sub-rows wysiwyg\" id=\"sect69ffe4ac44d7e\" role=\"region\" aria-labelledby=\"accordion69ffe4ac44d7eid\">\n        <div class=\"acf-innerblocks-container\">\n\n<p>A charitable gift annuity is only available to donors 60 to 90 years of age. In addition, the minimum amount required to set up a charitable gift annuity is $20,000.<\/p>\n\n\n\n<p>A charitable gift annuity lets you to make a substantial donation to Diabetes Qu\u00e9bec, which undertakes to pay you a guaranteed income on a periodic basis until your death. &nbsp;&nbsp;The annuity income you receive is based on the total amount of the capital, the life expectancy of the beneficiary(ies) and the interest rate in effect at the time the annuity was set up.<\/p>\n\n\n\n<p>When the annuity is set up, a donation tax receipt (for a minimum of 20% of the capital) is issued in accordance with Canada Revenue Agency rules. Upon your death, any residual capital is paid out to Diabetes Qu\u00e9bec.<\/p>\n\n<\/div>      <\/div>\n\n    <\/div>\n  <\/div>\n<\/section>\n\n\n    \n<section class=\"accordion\">\n  <div class=\"accordion__table\">\n    <div class=\"accordion__accordion\">\n          \n      <button class=\"accordion__header-row accordion-toggle\" id=\"accordion69ffe4ac454c0id\" aria-controls=\"sect69ffe4ac454c0\" aria-expanded=\"false\"\n        aria-label=\"Open or close accordion &quot;The gift or life insurance&quot;.\">\n                  <span class=\"accordion__header__title\">The gift or life insurance<\/span>\n                <span class=\"accordion__header__icon\" role=\"presentation\">\n          <i class=\"icon icon-arrow-down\"><\/i>\n        <\/span>\n      <\/button>\n    \n        \n      <div class=\"accordion__sub-rows wysiwyg\" id=\"sect69ffe4ac454c0\" role=\"region\" aria-labelledby=\"accordion69ffe4ac454c0id\">\n        <div class=\"acf-innerblocks-container\">\n\n<p>If you wish to make a substantial donation to Diabetes Qu\u00e9bec, life insurance is an excellent choice. Here are some ways to do it:<\/p>\n\n\n\n<ol style=\"list-style-type:lower-alpha\" class=\"wp-block-list\">\n<li>Buy a new life insurance policy<\/li>\n<\/ol>\n\n\n\n<p>Buy a life insurance policy in the name of Diabetes Qu\u00e9bec.&nbsp; The organization becomes the owner and beneficiary of the policy, while you pay the premiums.&nbsp; You benefit from an annual donation tax receipt for the amount of the premium paid each year.<\/p>\n\n\n\n<ul class=\"wp-block-list\">\n<li>Designate Diabetes Qu\u00e9bec as the beneficiary of a life insurance policy you already own<\/li>\n<\/ul>\n\n\n\n<p>When you designate Diabetes Qu\u00e9bec as the irrevocable beneficiary of a life insurance policy, at the time of your death, your estate will benefit from a donation tax receipt for the amount of the insured capital.<\/p>\n\n\n\n<ul class=\"wp-block-list\">\n<li>Donate an existing life insurance policy<\/li>\n<\/ul>\n\n\n\n<p>If your circumstances have changed and you no longer need your life insurance policy, you can use the policy to make a significant donation to Diabetes Qu\u00e9bec. &nbsp;With your consent, Diabetes Qu\u00e9bec may cash in this policy during your lifetime and make use of the proceeds. You benefit from a donation receipt for the market value of the policy when you transfer it to Diabetes Qu\u00e9bec. And, while you are paying the premiums on the policy you\u2019ve transferred, you will also get an annual tax receipt for the premium amount paid each year.<\/p>\n\n<\/div>      <\/div>\n\n    <\/div>\n  <\/div>\n<\/section>\n\n<\/div> \n  <\/section>\n  ","protected":false},"excerpt":{"rendered":"<p>Make a donation to support Diabetes Qu\u00e9bec in its fight againt diabetes. A tax recept will be automatically issued for any donation of 10$ or more. Unique donation Make a donation to encourage Diabetes Qu\u00e9bec in achieving its mission. In Memoriam Make a donation to express your sympathy to the bereaved family while supporting a&hellip;<\/p>\n","protected":false},"author":1,"featured_media":0,"parent":0,"menu_order":0,"comment_status":"closed","ping_status":"open","template":"","meta":{"_acf_changed":false,"_relevanssi_hide_post":"","_relevanssi_hide_content":"","_relevanssi_pin_for_all":"","_relevanssi_pin_keywords":"","_relevanssi_unpin_keywords":"","_relevanssi_related_keywords":"","_relevanssi_related_include_ids":"","_relevanssi_related_exclude_ids":"","_relevanssi_related_no_append":"","_relevanssi_related_not_related":"","_relevanssi_related_posts":"15514,15510,8912,11036,9690,10630","_relevanssi_noindex_reason":"","footnotes":""},"class_list":["post-24398","page","type-page","status-publish","hentry"],"acf":[],"_links":{"self":[{"href":"https:\/\/www.diabete.qc.ca\/en\/wp-json\/wp\/v2\/pages\/24398","targetHints":{"allow":["GET"]}}],"collection":[{"href":"https:\/\/www.diabete.qc.ca\/en\/wp-json\/wp\/v2\/pages"}],"about":[{"href":"https:\/\/www.diabete.qc.ca\/en\/wp-json\/wp\/v2\/types\/page"}],"author":[{"embeddable":true,"href":"https:\/\/www.diabete.qc.ca\/en\/wp-json\/wp\/v2\/users\/1"}],"replies":[{"embeddable":true,"href":"https:\/\/www.diabete.qc.ca\/en\/wp-json\/wp\/v2\/comments?post=24398"}],"version-history":[{"count":8,"href":"https:\/\/www.diabete.qc.ca\/en\/wp-json\/wp\/v2\/pages\/24398\/revisions"}],"predecessor-version":[{"id":34419,"href":"https:\/\/www.diabete.qc.ca\/en\/wp-json\/wp\/v2\/pages\/24398\/revisions\/34419"}],"wp:attachment":[{"href":"https:\/\/www.diabete.qc.ca\/en\/wp-json\/wp\/v2\/media?parent=24398"}],"curies":[{"name":"wp","href":"https:\/\/api.w.org\/{rel}","templated":true}]}}