{"id":24376,"date":"2022-01-31T00:00:00","date_gmt":"2022-01-31T05:00:00","guid":{"rendered":"https:\/\/www.diabete.qc.ca\/hypoglycemie-outils-devaluation-des-attitudes-et-comportements\/"},"modified":"2023-06-06T10:45:27","modified_gmt":"2023-06-06T14:45:27","slug":"hypoglycemie-outils-devaluation-des-attitudes-et-comportements","status":"publish","type":"page","link":"https:\/\/www.diabete.qc.ca\/en\/hypoglycemie-outils-devaluation-des-attitudes-et-comportements\/","title":{"rendered":"Hypoglyc\u00e9mie &#8211; Outils d&#8217;\u00e9valuation des attitudes et comportements"},"content":{"rendered":"\n<p>Le <a rel=\"noreferrer noopener\" href=\"https:\/\/behavioraldiabetes.org\/scales-and-measures\/#1448435050704-6e22e4b0-81ec\" target=\"_blank\">Behavioral Diabetes Institute<\/a> (BDI) a d\u00e9velopp\u00e9 des outils d&#8217;\u00e9valuation des attitudes et des comportements entourant les hypoglyc\u00e9mies.<\/p>\n\n\n\n<ul class=\"wp-block-list\">\n<li>Hypoglyc\u00e9mie: \u00c9chelle d&#8217;attitudes et de comportements (HABS) &#8211; disponible en <a href=\"https:\/\/behavioraldiabetes.org\/xwp\/wp-content\/uploads\/2015\/11\/HABS-FRENCH.pdf\" target=\"_blank\" rel=\"noreferrer noopener\">fran\u00e7ais<\/a><\/li>\n\n\n\n<li>Hypoglyc\u00e9mie: \u00e9chelle de confiance &#8211; disponible en <a href=\"https:\/\/behavioraldiabetes.org\/xwp\/wp-content\/uploads\/2015\/11\/HCS.pdf\" target=\"_blank\" rel=\"noreferrer noopener\">anglais<\/a><\/li>\n\n\n\n<li>Hypoglyc\u00e9mie: \u00e9chelle de confiance pour le\/la partenaire d&#8217;un adulte avec le diab\u00e8te de type 1 &#8211; disponible en <a href=\"https:\/\/behavioraldiabetes.org\/xwp\/wp-content\/uploads\/2020\/06\/Partner-HCS-for-distribution.pdf\" target=\"_blank\" rel=\"noreferrer noopener\">anglais<\/a><\/li>\n<\/ul>\n","protected":false},"excerpt":{"rendered":"<p>Le Behavioral Diabetes Institute (BDI) a d\u00e9velopp\u00e9 des outils d&#8217;\u00e9valuation des attitudes et des comportements entourant les hypoglyc\u00e9mies.<\/p>\n","protected":false},"author":1,"featured_media":0,"parent":0,"menu_order":5,"comment_status":"closed","ping_status":"open","template":"","meta":{"_acf_changed":false,"_relevanssi_hide_post":"","_relevanssi_hide_content":"","_relevanssi_pin_for_all":"","_relevanssi_pin_keywords":"","_relevanssi_unpin_keywords":"","_relevanssi_related_keywords":"","_relevanssi_related_include_ids":"","_relevanssi_related_exclude_ids":"","_relevanssi_related_no_append":"","_relevanssi_related_not_related":"","_relevanssi_related_posts":"24599,26373,24602,24603,24601,24600","_relevanssi_noindex_reason":"","footnotes":""},"class_list":["post-24376","page","type-page","status-publish","hentry"],"acf":[],"_links":{"self":[{"href":"https:\/\/www.diabete.qc.ca\/en\/wp-json\/wp\/v2\/pages\/24376","targetHints":{"allow":["GET"]}}],"collection":[{"href":"https:\/\/www.diabete.qc.ca\/en\/wp-json\/wp\/v2\/pages"}],"about":[{"href":"https:\/\/www.diabete.qc.ca\/en\/wp-json\/wp\/v2\/types\/page"}],"author":[{"embeddable":true,"href":"https:\/\/www.diabete.qc.ca\/en\/wp-json\/wp\/v2\/users\/1"}],"replies":[{"embeddable":true,"href":"https:\/\/www.diabete.qc.ca\/en\/wp-json\/wp\/v2\/comments?post=24376"}],"version-history":[{"count":1,"href":"https:\/\/www.diabete.qc.ca\/en\/wp-json\/wp\/v2\/pages\/24376\/revisions"}],"predecessor-version":[{"id":29201,"href":"https:\/\/www.diabete.qc.ca\/en\/wp-json\/wp\/v2\/pages\/24376\/revisions\/29201"}],"wp:attachment":[{"href":"https:\/\/www.diabete.qc.ca\/en\/wp-json\/wp\/v2\/media?parent=24376"}],"curies":[{"name":"wp","href":"https:\/\/api.w.org\/{rel}","templated":true}]}}