{"id":24375,"date":"2022-05-06T00:00:00","date_gmt":"2022-05-06T04:00:00","guid":{"rendered":"https:\/\/www.diabete.qc.ca\/inesss-avis-evaluation-des-systemes-de-pompes-a-insuline-chez-les-patients-atteints-du-diabete-de-type-1\/"},"modified":"2023-12-12T16:03:03","modified_gmt":"2023-12-12T21:03:03","slug":"inesss-avis-evaluation-des-systemes-de-pompes-a-insuline-chez-les-patients-atteints-du-diabete-de-type-1","status":"publish","type":"page","link":"https:\/\/www.diabete.qc.ca\/en\/inesss-avis-evaluation-des-systemes-de-pompes-a-insuline-chez-les-patients-atteints-du-diabete-de-type-1\/","title":{"rendered":"INESSS: Avis &#8211; \u00c9valuation des syst\u00e8mes de pompes \u00e0 insuline chez les patients atteints du diab\u00e8te de type 1"},"content":{"rendered":"\n<p>L\u2019Institut national d\u2019excellence en sant\u00e9 et services sociaux (INESSS) a publi\u00e9 un avis concernant la valeur des syst\u00e8mes de pompes \u00e0 insuline au sein de la couverture du r\u00e9gime public pour les patients adultes atteints de diab\u00e8te de type 1.<\/p>\n\n\n\n<p>Mise \u00e0 jour: Mai 2022<\/p>\n\n\n\n<p>Vous pouvez consulter la fiche synth\u00e8se de l&#8217;avis en <a href=\"https:\/\/www.inesss.qc.ca\/fileadmin\/doc\/INESSS\/Rapports\/Technologies\/INESSS_Fiche_synthese_Pompes_insuline.pdf\" target=\"_blank\" rel=\"noreferrer noopener\">cliquant ici<\/a>.<\/p>\n\n\n\n<p>Pour consultez le document complet, <a href=\"https:\/\/www.inesss.qc.ca\/fileadmin\/doc\/INESSS\/Rapports\/Technologies\/INESSS_Pompes_insuline_Avis.pdf\" target=\"_blank\" rel=\"noreferrer noopener\">cliquez ici<\/a>.<\/p>\n\n\n\n<p><\/p>\n","protected":false},"excerpt":{"rendered":"<p>L\u2019Institut national d\u2019excellence en sant\u00e9 et services sociaux (INESSS) a publi\u00e9 un avis concernant la valeur des syst\u00e8mes de pompes \u00e0 insuline au sein de la couverture du r\u00e9gime public pour les patients adultes atteints de diab\u00e8te de type 1. Mise \u00e0 jour: Mai 2022 Vous pouvez consulter la fiche synth\u00e8se de l&#8217;avis en cliquant&hellip;<\/p>\n","protected":false},"author":1,"featured_media":0,"parent":0,"menu_order":3,"comment_status":"closed","ping_status":"open","template":"","meta":{"_acf_changed":false,"_relevanssi_hide_post":"","_relevanssi_hide_content":"","_relevanssi_pin_for_all":"","_relevanssi_pin_keywords":"","_relevanssi_unpin_keywords":"","_relevanssi_related_keywords":"","_relevanssi_related_include_ids":"","_relevanssi_related_exclude_ids":"","_relevanssi_related_no_append":"","_relevanssi_related_not_related":"","_relevanssi_related_posts":"15514,7588,12767,24902,12765,7531","_relevanssi_noindex_reason":"","footnotes":""},"class_list":["post-24375","page","type-page","status-publish","hentry"],"acf":[],"_links":{"self":[{"href":"https:\/\/www.diabete.qc.ca\/en\/wp-json\/wp\/v2\/pages\/24375","targetHints":{"allow":["GET"]}}],"collection":[{"href":"https:\/\/www.diabete.qc.ca\/en\/wp-json\/wp\/v2\/pages"}],"about":[{"href":"https:\/\/www.diabete.qc.ca\/en\/wp-json\/wp\/v2\/types\/page"}],"author":[{"embeddable":true,"href":"https:\/\/www.diabete.qc.ca\/en\/wp-json\/wp\/v2\/users\/1"}],"replies":[{"embeddable":true,"href":"https:\/\/www.diabete.qc.ca\/en\/wp-json\/wp\/v2\/comments?post=24375"}],"version-history":[{"count":1,"href":"https:\/\/www.diabete.qc.ca\/en\/wp-json\/wp\/v2\/pages\/24375\/revisions"}],"predecessor-version":[{"id":32610,"href":"https:\/\/www.diabete.qc.ca\/en\/wp-json\/wp\/v2\/pages\/24375\/revisions\/32610"}],"wp:attachment":[{"href":"https:\/\/www.diabete.qc.ca\/en\/wp-json\/wp\/v2\/media?parent=24375"}],"curies":[{"name":"wp","href":"https:\/\/api.w.org\/{rel}","templated":true}]}}