{"id":24374,"date":"2022-05-06T00:00:00","date_gmt":"2022-05-06T04:00:00","guid":{"rendered":"https:\/\/www.diabete.qc.ca\/inesss-avis-transplantation-des-ilots-de-langerhans\/"},"modified":"2023-12-12T16:03:42","modified_gmt":"2023-12-12T21:03:42","slug":"inesss-avis-transplantation-des-ilots-de-langerhans","status":"publish","type":"page","link":"https:\/\/www.diabete.qc.ca\/en\/inesss-avis-transplantation-des-ilots-de-langerhans\/","title":{"rendered":"INESSS: Avis &#8211; Transplantation des \u00eelots de Langerhans"},"content":{"rendered":"\n<p>L&#8217;institut national d&#8217;excellence en sant\u00e9 et en services sociaux (INESSS) a publi\u00e9 un avis \u00e9valuant la pertinence d&#8217;introduire la transplantation d&#8217;\u00eelots de Langerhans parmi la gamme de services cliniques offerts aux patients atteints de diab\u00e8te de type 1.<\/p>\n\n\n\n<p>Pour plus de d\u00e9tails sur l&#8217;avis, ainsi que les recommandations de l&#8217;INESSS, <a href=\"https:\/\/www.inesss.qc.ca\/fileadmin\/doc\/INESSS\/Rapports\/Technologies\/INESSS_Langerhans_Avis.pdf\" target=\"_blank\" rel=\"noreferrer noopener\">cliquez ici<\/a>.<\/p>\n\n\n\n<p>Si vous souhaitez consulter la fiche synth\u00e8se de l&#8217;avis, <a href=\"https:\/\/www.inesss.qc.ca\/fileadmin\/doc\/INESSS\/Rapports\/Technologies\/TIL_fiche-synthese.pdf\" target=\"_blank\" rel=\"noreferrer noopener\">cliquez ici<\/a>.<\/p>\n\n\n\n<p>Septembre 2018<\/p>\n","protected":false},"excerpt":{"rendered":"<p>L&#8217;institut national d&#8217;excellence en sant\u00e9 et en services sociaux (INESSS) a publi\u00e9 un avis \u00e9valuant la pertinence d&#8217;introduire la transplantation d&#8217;\u00eelots de Langerhans parmi la gamme de services cliniques offerts aux patients atteints de diab\u00e8te de type 1. Pour plus de d\u00e9tails sur l&#8217;avis, ainsi que les recommandations de l&#8217;INESSS, cliquez ici. Si vous souhaitez&hellip;<\/p>\n","protected":false},"author":1,"featured_media":0,"parent":0,"menu_order":79,"comment_status":"closed","ping_status":"open","template":"","meta":{"_acf_changed":false,"_relevanssi_hide_post":"","_relevanssi_hide_content":"","_relevanssi_pin_for_all":"","_relevanssi_pin_keywords":"","_relevanssi_unpin_keywords":"","_relevanssi_related_keywords":"","_relevanssi_related_include_ids":"","_relevanssi_related_exclude_ids":"","_relevanssi_related_no_append":"","_relevanssi_related_not_related":"","_relevanssi_related_posts":"15514,12767,24902,12765,7588,255","_relevanssi_noindex_reason":"","footnotes":""},"class_list":["post-24374","page","type-page","status-publish","hentry"],"acf":[],"_links":{"self":[{"href":"https:\/\/www.diabete.qc.ca\/en\/wp-json\/wp\/v2\/pages\/24374","targetHints":{"allow":["GET"]}}],"collection":[{"href":"https:\/\/www.diabete.qc.ca\/en\/wp-json\/wp\/v2\/pages"}],"about":[{"href":"https:\/\/www.diabete.qc.ca\/en\/wp-json\/wp\/v2\/types\/page"}],"author":[{"embeddable":true,"href":"https:\/\/www.diabete.qc.ca\/en\/wp-json\/wp\/v2\/users\/1"}],"replies":[{"embeddable":true,"href":"https:\/\/www.diabete.qc.ca\/en\/wp-json\/wp\/v2\/comments?post=24374"}],"version-history":[{"count":1,"href":"https:\/\/www.diabete.qc.ca\/en\/wp-json\/wp\/v2\/pages\/24374\/revisions"}],"predecessor-version":[{"id":32612,"href":"https:\/\/www.diabete.qc.ca\/en\/wp-json\/wp\/v2\/pages\/24374\/revisions\/32612"}],"wp:attachment":[{"href":"https:\/\/www.diabete.qc.ca\/en\/wp-json\/wp\/v2\/media?parent=24374"}],"curies":[{"name":"wp","href":"https:\/\/api.w.org\/{rel}","templated":true}]}}