{"id":24313,"date":"2022-12-08T16:30:37","date_gmt":"2022-12-08T21:30:37","guid":{"rendered":"https:\/\/www.diabete.qc.ca\/dons-de-vetements\/"},"modified":"2024-07-10T10:49:07","modified_gmt":"2024-07-10T14:49:07","slug":"clothing-donations","status":"publish","type":"page","link":"https:\/\/www.diabete.qc.ca\/en\/get-involved\/how-to-help\/clothing-donations\/","title":{"rendered":"Clothing and items donations"},"content":{"rendered":"\n<p><a href=\"http:\/\/www.entraidediabetique.org\/en\/\" target=\"_blank\" rel=\"noreferrer noopener\">Entraide Diab\u00e9tique du Qu\u00e9bec<\/a>&nbsp;collects used clothing and other items in good condition which are then resold. All profits are handed to Diabetes Qu\u00e9bec.<\/p>\n\n\n\n<figure class=\"wp-block-image size-full\"><img loading=\"lazy\" decoding=\"async\" width=\"238\" height=\"350\" src=\"https:\/\/www.diabete.qc.ca\/wp-content\/uploads\/2023\/03\/Entraide_diabetique-1.jpg\" alt=\"\" class=\"wp-image-16019\" srcset=\"https:\/\/www.diabete.qc.ca\/wp-content\/uploads\/2023\/03\/Entraide_diabetique-1.jpg 238w, https:\/\/www.diabete.qc.ca\/wp-content\/uploads\/2023\/03\/Entraide_diabetique-1-204x300.jpg 204w\" sizes=\"auto, (max-width: 238px) 100vw, 238px\" \/><\/figure>\n\n\n\n<h3 class=\"wp-block-heading\">Accepted and refused items<\/h3>\n\n\n\n<p><a href=\"https:\/\/entraidediabetique.org\/en\/items-accepted\/\" target=\"_blank\" rel=\"noreferrer noopener\">Click here<\/a> to see a list of accepted and refused items.<\/p>\n\n\n\n<p><\/p>\n\n\n\n<h2 class=\"wp-block-heading\">Drop-off bin<\/h2>\n\n\n\n<p>Entraide diab\u00e9tique du Qu\u00e9bec operates some 200 drop-off bins in Qu\u00e9bec. They servce exclusively for dropping off clothing. Entraide diab\u00e9tique du Qu\u00e9bec also asks to put your clothing in a bag in order to faacilitate handling. <a href=\"https:\/\/entraidediabetique.org\/en\/donation-box-2\/\" target=\"_blank\" rel=\"noreferrer noopener\">Find a drop-off bin near you<\/a>. <br><\/p>\n\n\n\n<h2 class=\"wp-block-heading\">Pickup by truck<\/h2>\n\n\n\n<p><a href=\"http:\/\/www.entraidediabetique.org\/en\/doorsteep-collection\/\" target=\"_blank\" rel=\"noreferrer noopener\">Use the online form<\/a>&nbsp;or call us (toll-free).<\/p>\n\n\n\n<p>Bois-Francs, Mont\u00e9r\u00e9gie, Lanaudi\u00e8re and Mauricie<\/p>\n\n\n\n<p>1 888 694-9998&nbsp;(toll-free)<\/p>\n\n\n\n<p>Laurentians, Rive-Nord and West-Island<\/p>\n\n\n\n<p>1 866 313-7800&nbsp;(toll-free)<\/p>\n\n\n\n<p>Qu\u00e9bec and regions<\/p>\n\n\n\n<p>1 888 877-5111&nbsp;(toll-free)<\/p>\n","protected":false},"excerpt":{"rendered":"<p>Entraide Diab\u00e9tique du Qu\u00e9bec&nbsp;collects used clothing and other items in good condition which are then resold. All profits are handed to Diabetes Qu\u00e9bec. Accepted and refused items Click here to see a list of accepted and refused items. Drop-off bin Entraide diab\u00e9tique du Qu\u00e9bec operates some 200 drop-off bins in Qu\u00e9bec. They servce exclusively for&hellip;<\/p>\n","protected":false},"author":1,"featured_media":0,"parent":24317,"menu_order":0,"comment_status":"closed","ping_status":"closed","template":"","meta":{"_acf_changed":false,"_relevanssi_hide_post":"","_relevanssi_hide_content":"","_relevanssi_pin_for_all":"","_relevanssi_pin_keywords":"","_relevanssi_unpin_keywords":"","_relevanssi_related_keywords":"","_relevanssi_related_include_ids":"","_relevanssi_related_exclude_ids":"","_relevanssi_related_no_append":"","_relevanssi_related_not_related":"","_relevanssi_related_posts":"36,32","_relevanssi_noindex_reason":"","footnotes":""},"class_list":["post-24313","page","type-page","status-publish","hentry"],"acf":[],"_links":{"self":[{"href":"https:\/\/www.diabete.qc.ca\/en\/wp-json\/wp\/v2\/pages\/24313","targetHints":{"allow":["GET"]}}],"collection":[{"href":"https:\/\/www.diabete.qc.ca\/en\/wp-json\/wp\/v2\/pages"}],"about":[{"href":"https:\/\/www.diabete.qc.ca\/en\/wp-json\/wp\/v2\/types\/page"}],"author":[{"embeddable":true,"href":"https:\/\/www.diabete.qc.ca\/en\/wp-json\/wp\/v2\/users\/1"}],"replies":[{"embeddable":true,"href":"https:\/\/www.diabete.qc.ca\/en\/wp-json\/wp\/v2\/comments?post=24313"}],"version-history":[{"count":7,"href":"https:\/\/www.diabete.qc.ca\/en\/wp-json\/wp\/v2\/pages\/24313\/revisions"}],"predecessor-version":[{"id":33926,"href":"https:\/\/www.diabete.qc.ca\/en\/wp-json\/wp\/v2\/pages\/24313\/revisions\/33926"}],"up":[{"embeddable":true,"href":"https:\/\/www.diabete.qc.ca\/en\/wp-json\/wp\/v2\/pages\/24317"}],"wp:attachment":[{"href":"https:\/\/www.diabete.qc.ca\/en\/wp-json\/wp\/v2\/media?parent=24313"}],"curies":[{"name":"wp","href":"https:\/\/api.w.org\/{rel}","templated":true}]}}