{"id":24285,"date":"2023-03-21T15:57:15","date_gmt":"2023-03-21T19:57:15","guid":{"rendered":"https:\/\/www.diabete.qc.ca\/la-gestion-du-poids-chez-ladulte\/"},"modified":"2023-06-07T16:42:04","modified_gmt":"2023-06-07T20:42:04","slug":"weight-management-in-adults","status":"publish","type":"page","link":"https:\/\/www.diabete.qc.ca\/en\/diabetes\/living-with-diabetes\/weight-management\/weight-management-in-adults\/","title":{"rendered":"Weight management in adults"},"content":{"rendered":"\n<p>Being overweight is one of the risk factors for prediabetes and type 2 diabetes. In Canada, almost 60% of adults are overweight or obese.<\/p>\n\n\n  <section  class=\"block-accordions-group theme-block theme-block--innerblock aligndefault\" >\n        \n    <div class=\"acf-innerblocks-container\">\n    \n<section class=\"accordion\">\n  <div class=\"accordion__table\">\n    <div class=\"accordion__accordion\">\n          \n      <button class=\"accordion__header-row accordion-toggle\" id=\"accordion69ebb3c7e10c6id\" aria-controls=\"sect69ebb3c7e10c6\" aria-expanded=\"false\"\n        aria-label=\"Open or close accordion &quot;The link between obesity and diabetes&quot;.\">\n                  <span class=\"accordion__header__title\">The link between obesity and diabetes<\/span>\n                <span class=\"accordion__header__icon\" role=\"presentation\">\n          <i class=\"icon icon-arrow-down\"><\/i>\n        <\/span>\n      <\/button>\n    \n        \n      <div class=\"accordion__sub-rows wysiwyg\" id=\"sect69ebb3c7e10c6\" role=\"region\" aria-labelledby=\"accordion69ebb3c7e10c6id\">\n        <div class=\"acf-innerblocks-container\">\n\n<p>One of the important links between obesity and diabetes is&nbsp;insulin&nbsp;resistance; namely, the reduced capacity of insulin to get&nbsp;glucose&nbsp;(sugar) into the&nbsp;cells&nbsp;and stop glucose production by the liver.&nbsp;Insulin resistance&nbsp;is very prevalent in the obese. However, you can be thin and insulin resistant and, conversely, obese and sensitive to insulin.<\/p>\n\n\n\n<p>When a person is overweight, a gradual weight loss of 5% to 10% is sufficient to see health benefits:<\/p>\n\n\n\n<ul class=\"wp-block-list\">\n<li>better blood glucose (sugar) control and improved&nbsp;blood pressure&nbsp;(hypertension)<\/li>\n\n\n\n<li>improved lipid profile (blood cholesterol&nbsp;and&nbsp;triglycerides)<\/li>\n\n\n\n<li>reduced risk of&nbsp;cardiovascular&nbsp;disease<\/li>\n<\/ul>\n\n\n\n<h2 class=\"wp-block-heading\">Definition of overweight and obesity<\/h2>\n\n\n\n<p>Health care professionals use certain indicators to determine the health risks for individuals, including the BMI (Body Mass Index) and waist circumference. It is important to rely on more than one indicator to consider the distribution of body fat.<\/p>\n\n\n\n<h3 class=\"wp-block-heading\">Body Mass Index (BMI)<\/h3>\n\n\n\n<p>The BMI is the ratio of weight to height squared:<\/p>\n\n\n\n<p>BMI = Weight (kg) \/ Height&nbsp;(m<sup>2<\/sup>)<\/p>\n\n\n\n<p>The BMI indicates the risk of developing a&nbsp;chronic&nbsp;disease like diabetes. It is used for people 18 and older.<\/p>\n\n\n\n<p>This indicator can be inaccurate for athletes or very muscular people, whose BMI tends to be overestimated.<\/p>\n\n\n\n<figure class=\"wp-block-table\"><table><thead><tr><th scope=\"col\">If your BMI is\u2026<\/th><th scope=\"col\">You could be \u2026<\/th><\/tr><\/thead><tbody><tr><td>18.4 or less<\/td><td>underweight<\/td><\/tr><tr><td>18.5 to 24.9<\/td><td>a healthy weight*<\/td><\/tr><tr><td>25 to 29.9<\/td><td>overweight<\/td><\/tr><tr><td>30 or more<\/td><td>obese<\/td><\/tr><\/tbody><\/table><\/figure>\n\n\n\n<p>*If you are 65 or older, the \u201chealthy weight\u201d band can start slightly higher than 18.5 and go up to a value in the \u201coverweight\u201d band.<\/p>\n\n\n\n<h3 class=\"wp-block-heading\">Waist circumference<\/h3>\n\n\n\n<p>In addition to the BMI, waist circumference can determine how fat is distributed on the body. Abdominal fat is associated with such health risks as heart disease and diabetes. This type of fat is more harmful because it surrounds the vital organs.<\/p>\n\n\n\n<p>A decrease in waist circumference does more to improve health than weight loss on the scales.<\/p>\n\n\n\n<h4 class=\"wp-block-heading\">Waist measurements representing a high health risk<\/h4>\n\n\n\n<figure class=\"wp-block-table\"><table><tbody><tr><td>Country of origin<\/td><td>Male<\/td><td>Female<\/td><\/tr><tr><td>Canada, United States<\/td><td>&gt; ou&nbsp;=&nbsp;102&nbsp;cm<\/td><td>&gt; ou&nbsp;=&nbsp;&nbsp;88&nbsp;cm<\/td><\/tr><tr><td>Europe, Sub-Saharan Africa, Middle East, Mediterranean<\/td><td>&gt; ou&nbsp;=&nbsp;&nbsp;94&nbsp;cm<\/td><td>&gt; ou&nbsp;=&nbsp;&nbsp;80&nbsp;cm<\/td><\/tr><tr><td>Asia, Japan, Central and South America<\/td><td>&gt; ou&nbsp;=&nbsp;&nbsp;90&nbsp;cm<\/td><td>&gt; ou&nbsp;=&nbsp;&nbsp;80&nbsp;cm<\/td><\/tr><\/tbody><\/table><figcaption class=\"wp-element-caption\"><em>Source: Canadian Diabetes Association 2013 Clinical Practice Guidelines for the Prevention and Treatment of Diabetes in Canada<\/em><\/figcaption><\/figure>\n\n\n\n<p><strong>Research and text:<\/strong> Cynthia Chaput, Dt.P., Dietitian<\/p>\n\n\n\n<p>June 2014<\/p>\n\n\n\n<p><strong>References:<\/strong><\/p>\n\n\n\n<p>Garrel, D., (2006) \u201cComment l\u2019ob\u00e9sit\u00e9 cause le diab\u00e8te et que peut-on y faire&nbsp;?\u201d&nbsp;<em>Plein Soleil<\/em>, Autumn 2006, pp. 25-26.<\/p>\n\n\n\n<p>Goldenberg, R. &amp; Punthakee, Z., \u201cDefinition, Classification and Diagnosis of Diabetes, Prediabetes and Metabolic Syndrome,\u201d&nbsp;<em>Canadian Diabetes Association 2013 Clinical Practice Guidelines for the Prevention and Treatment of Diabetes in Canada<\/em>&nbsp;(Canadian Journal of Diabetes, vol. 37, pp. S8-S11), Canadian Diabetes Association.<\/p>\n\n\n\n<p>Ordre professionnel des di\u00e9t\u00e9tistes du Qu\u00e9bec, (2000) \u201cOb\u00e9sit\u00e9 et contr\u00f4le du poids,\u201d&nbsp;<em>Manuel de nutrition clinique<\/em>.<\/p>\n\n<\/div>      <\/div>\n\n    <\/div>\n  <\/div>\n<\/section>\n\n\n    \n<section class=\"accordion\">\n  <div class=\"accordion__table\">\n    <div class=\"accordion__accordion\">\n          \n      <button class=\"accordion__header-row accordion-toggle\" id=\"accordion69ebb3c7e269bid\" aria-controls=\"sect69ebb3c7e269b\" aria-expanded=\"false\"\n        aria-label=\"Open or close accordion &quot;Body weight: a question of balance&quot;.\">\n                  <span class=\"accordion__header__title\">Body weight: a question of balance<\/span>\n                <span class=\"accordion__header__icon\" role=\"presentation\">\n          <i class=\"icon icon-arrow-down\"><\/i>\n        <\/span>\n      <\/button>\n    \n        \n      <div class=\"accordion__sub-rows wysiwyg\" id=\"sect69ebb3c7e269b\" role=\"region\" aria-labelledby=\"accordion69ebb3c7e269bid\">\n        <div class=\"acf-innerblocks-container\">\n\n<p>Maintaining your weight depends on the balance between your energy intake (food and beverages consumed) and your energy expenditure (the body\u2019s vital functions, daily activities, sports, etc.).<\/p>\n\n\n\n<p>A multitude of other factors can influence the intake and expenditure of energy:<\/p>\n\n\n\n<ul class=\"wp-block-list\">\n<li>Quitting smoking<\/li>\n\n\n\n<li>Medication that stimulates the appetite<\/li>\n\n\n\n<li>An injury or illness that limits&nbsp;physical activity<\/li>\n\n\n\n<li>The emotional aspect of eating<\/li>\n\n\n\n<li>Etc.<\/li>\n<\/ul>\n\n\n\n<p>Finally, other factors can affect this balance and cause some people to have more trouble losing weight:<\/p>\n\n\n\n<ul class=\"wp-block-list\">\n<li>A person\u2019s basic metabolism (the energy expended on the body\u2019s vital functions)<\/li>\n\n\n\n<li>Heredity<\/li>\n\n\n\n<li>Restrictive weight-loss diets done repeatedly<\/li>\n\n\n\n<li>Etc.<\/li>\n<\/ul>\n\n\n\n<p>There is no \u201cideal\u201d weight, just an optimal, natural weight at which each person is healthy.<\/p>\n\n\n\n<h2 class=\"wp-block-heading\">Healthy and sustainable weight loss<\/h2>\n\n\n\n<p>Healthy weight management is a function of good, long-term lifestyle habits: a balanced diet, regular&nbsp;exercise, adequate sleep, stress management.<\/p>\n\n\n\n<p>Changing ingrained lifestyle habits is often a major challenge. The important thing is to be kind to yourself: don\u2019t expect to lose in two weeks the weight gained over several months or years. You should look at weight loss as a long term investment. Changes in lifestyle habits that endure over time are the ones that will be most beneficial and help you maintain a lower weight.<\/p>\n\n\n\n<p>To increase your chances of success, focus on the multiple benefits from weight loss: the feeling of well-being, better glycemic control, healthier lifestyle habits instilled in your children or loved ones, etc.<\/p>\n\n\n\n<p>Learn to set goals using the&nbsp;S.M.A.R.T. method.<\/p>\n\n\n\n<h2 class=\"wp-block-heading\">About weight-loss diets \u2026<\/h2>\n\n\n\n<p>Popular weight-loss diets are usually based on one of these principles: restrictions and deprivation, the complete elimination of a group or type of food; or the need to buy products whose effectiveness has rarely been scientifically proven.<\/p>\n\n\n\n<h3 class=\"wp-block-heading\">Did you know?<\/h3>\n\n\n\n<ul class=\"wp-block-list\">\n<li>85% to 95% of people who lose weight on a weight-loss diet put it all back within the next 5 years (INSPQ*, 2008).<\/li>\n\n\n\n<li>The reason why strict weight-loos diets fail is not because of a lack of will on the part of the dieter: it\u2019s the restrictive nature of the diet itself.<\/li>\n\n\n\n<li>Forbidden foods lead to frustration and increase the desire to eat them, which often leads to over-consumption after the diet is over. This may partly explain why the weight returns (the yo-yo effect).<\/li>\n\n\n\n<li>When your body is in \u201cfamine\u201d mode, it adapts by burning fewer calories for its core functions, resulting in a recovery of the weight lost when you return to your old eating habits.<\/li>\n\n\n\n<li>Diets that eliminate a food group can lead to nutritional deficiencies.<\/li>\n\n\n\n<li>Weight-loss products are expensive and can be dangerous.<\/li>\n<\/ul>\n\n\n\n<p>* Institut national de sant\u00e9 publique du Qu\u00e9bec<\/p>\n\n\n\n<p><strong>Research and text:<\/strong> Cynthia Chaput, Dt.P., Dietitian<\/p>\n\n\n\n<p>June 2014<\/p>\n\n\n\n<p><strong>References:<\/strong><\/p>\n\n\n\n<p>\u00c9quiLibre. Pourquoi les di\u00e8tes ne fonctionnent pas? (French only.) http:\/\/www.equilibre.ca\/approche-et-problematique\/le-point-sur-les-dietes\/pourquoi-les-dietes-ne-fonctionnent-pas\/ (Web page consulted on May 23, 2014).<\/p>\n\n\n\n<p>Ordre professionnel des di\u00e9t\u00e9tistes du Qu\u00e9bec, (2000) \u201cOb\u00e9sit\u00e9 et contr\u00f4le du poids,\u201d&nbsp;<em>Manuel de nutrition clinique<\/em>. www.opdq.org (French only.)<\/p>\n\n<\/div>      <\/div>\n\n    <\/div>\n  <\/div>\n<\/section>\n\n\n    \n<section class=\"accordion\">\n  <div class=\"accordion__table\">\n    <div class=\"accordion__accordion\">\n          \n      <button class=\"accordion__header-row accordion-toggle\" id=\"accordion69ebb3c7e2a39id\" aria-controls=\"sect69ebb3c7e2a39\" aria-expanded=\"false\"\n        aria-label=\"Open or close accordion &quot;The link between lack of sleep and weight gain&quot;.\">\n                  <span class=\"accordion__header__title\">The link between lack of sleep and weight gain<\/span>\n                <span class=\"accordion__header__icon\" role=\"presentation\">\n          <i class=\"icon icon-arrow-down\"><\/i>\n        <\/span>\n      <\/button>\n    \n        \n      <div class=\"accordion__sub-rows wysiwyg\" id=\"sect69ebb3c7e2a39\" role=\"region\" aria-labelledby=\"accordion69ebb3c7e2a39id\">\n        <div class=\"acf-innerblocks-container\">\n\n<p>Research indicates that when people aren\u2019t allowed to get a full night\u2019s sleep, they tend to eat more than usual the next day. Sleep is a period of&nbsp;hormone&nbsp;regulation: for hormones like leptin, which sends signals of&nbsp;satiety&nbsp;to the brain; and ghrelin, which stimulates the feeling of hunger. Lack of sleep also compromises a person\u2019s&nbsp;exercise&nbsp;routine.<\/p>\n\n\n\n<p>For more information on how to adopt healthy lifestyle habits, see our sections on\u00a0<a href=\"\/en\/diabetes\/diabetes-management\/diet\/\" target=\"_blank\" rel=\"noreferrer noopener\">diet<\/a>,\u00a0<a href=\"\/en\/diabetes\/diabetes-management\/physical-activity\/\" target=\"_blank\" rel=\"noreferrer noopener\">physical activity<\/a>\u00a0and\u00a0<a href=\"\/en\/diabetes\/diabetes-management\/well-being-and-mental-health\/\">stress management<\/a>.<\/p>\n\n\n\n<p>Research and text: Cynthia Chaput, Dt.P., Dietitian<\/p>\n\n\n\n<p>June 2014<\/p>\n\n\n\n<p><strong>Reference:<\/strong><\/p>\n\n\n\n<p>Institut national de sant\u00e9 publique du Qu\u00e9bec, \u201cSleep and Weight Problems: A New Avenue for Intervention?,\u201d&nbsp;<em>TOPO<\/em>, Issue 4, January, 2013. http:\/\/www.inspq.qc.ca\/pdf\/publications\/1604_SleepWeightProblemsANewAvenue.pdf &nbsp;(Downloadable PDF.)<\/p>\n\n<\/div>      <\/div>\n\n    <\/div>\n  <\/div>\n<\/section>\n\n<\/div> \n  <\/section>\n  ","protected":false},"excerpt":{"rendered":"<p>Being overweight is one of the risk factors for prediabetes and type 2 diabetes. In Canada, almost 60% of adults are overweight or obese.<\/p>\n","protected":false},"author":1,"featured_media":15069,"parent":24331,"menu_order":0,"comment_status":"closed","ping_status":"closed","template":"","meta":{"_acf_changed":false,"_relevanssi_hide_post":"","_relevanssi_hide_content":"","_relevanssi_pin_for_all":"","_relevanssi_pin_keywords":"","_relevanssi_unpin_keywords":"","_relevanssi_related_keywords":"","_relevanssi_related_include_ids":"","_relevanssi_related_exclude_ids":"","_relevanssi_related_no_append":"","_relevanssi_related_not_related":"","_relevanssi_related_posts":"12656,11765,12529,10802,9154,11822","_relevanssi_noindex_reason":"","footnotes":""},"class_list":["post-24285","page","type-page","status-publish","has-post-thumbnail","hentry"],"acf":[],"_links":{"self":[{"href":"https:\/\/www.diabete.qc.ca\/en\/wp-json\/wp\/v2\/pages\/24285","targetHints":{"allow":["GET"]}}],"collection":[{"href":"https:\/\/www.diabete.qc.ca\/en\/wp-json\/wp\/v2\/pages"}],"about":[{"href":"https:\/\/www.diabete.qc.ca\/en\/wp-json\/wp\/v2\/types\/page"}],"author":[{"embeddable":true,"href":"https:\/\/www.diabete.qc.ca\/en\/wp-json\/wp\/v2\/users\/1"}],"replies":[{"embeddable":true,"href":"https:\/\/www.diabete.qc.ca\/en\/wp-json\/wp\/v2\/comments?post=24285"}],"version-history":[{"count":6,"href":"https:\/\/www.diabete.qc.ca\/en\/wp-json\/wp\/v2\/pages\/24285\/revisions"}],"predecessor-version":[{"id":29545,"href":"https:\/\/www.diabete.qc.ca\/en\/wp-json\/wp\/v2\/pages\/24285\/revisions\/29545"}],"up":[{"embeddable":true,"href":"https:\/\/www.diabete.qc.ca\/en\/wp-json\/wp\/v2\/pages\/24331"}],"wp:featuredmedia":[{"embeddable":true,"href":"https:\/\/www.diabete.qc.ca\/en\/wp-json\/wp\/v2\/media\/15069"}],"wp:attachment":[{"href":"https:\/\/www.diabete.qc.ca\/en\/wp-json\/wp\/v2\/media?parent=24285"}],"curies":[{"name":"wp","href":"https:\/\/api.w.org\/{rel}","templated":true}]}}