{"id":24272,"date":"2023-04-13T10:13:40","date_gmt":"2023-04-13T14:13:40","guid":{"rendered":"https:\/\/www.diabete.qc.ca\/a-propos-de-diabete-quebec\/"},"modified":"2025-03-06T14:25:48","modified_gmt":"2025-03-06T19:25:48","slug":"about-diabetes-quebec","status":"publish","type":"page","link":"https:\/\/www.diabete.qc.ca\/en\/about-diabetes-quebec\/","title":{"rendered":"About Diabetes Qu\u00e9bec"},"content":{"rendered":"\n<p>Here are some informations about Diabetes Qu\u00e9bec. To download a PDF version, click on the button below.<\/p>\n\n\n\n<div class=\"wp-block-buttons is-layout-flex wp-block-buttons-is-layout-flex\">\n<div class=\"wp-block-button\"><a class=\"wp-block-button__link wp-element-button\" href=\"https:\/\/www.diabete.qc.ca\/wp-content\/uploads\/2025\/03\/Fiche_technique_DQ_Mars_2025_Page_1_EN-2.pdf\" target=\"_blank\" rel=\"noreferrer noopener\">Download the PDF<\/a><\/div>\n<\/div>\n\n\n\n<p><strong>Diabetes Qu\u00e9bec<\/strong> is a non profit association supporting people living with diabetes in Qu\u00e9bec since more than 70 years. Our mission is to enhance the well-being of people with diabetes by providing them with support.<\/p>\n\n\n\n<p>Diabetes Qu\u00e9bec advocates for the rights of people living with diabetes at the government level, health services and companies. We also contribute to the advancement of diabetes research by offering yearly grants to students and researchers.<\/p>\n\n\n\n<p>Through <strong>Universi-D<\/strong>, our diabetes school, we offer education and training to people living with diabetes and health care professionals.<\/p>\n\n\n\n<p>For the <strong>1.2 million <\/strong>people that are affected by diabetes in Qu\u00e9bec, Diabetes Qu\u00e9bec is <strong>THE REFERENCE<\/strong>.<\/p>\n\n\n\n<p><strong>SERVICES OFFERED :<\/strong><\/p>\n\n\n\n<ul class=\"wp-block-list\">\n<li>InfoDiabetes: Free information and reference bilingual service provided by health professionals;<\/li>\n\n\n\n<li>Team of nutritionists specialized in diabetes;<\/li>\n\n\n\n<li>Recognized teaching and educational material in French or in English;<\/li>\n\n\n\n<li><em>Dia\u00b7Logue<\/em> quarterly published magazine;<\/li>\n\n\n\n<li>Conferences and informations booths.<\/li>\n<\/ul>\n\n\n\n<p><br><strong>QUESTIONS ABOUT DIABETES?<\/strong><br>InfoDiabetes Service<br>514 259-3422 ou 1 800 361-3504, ext. 1<br><a href=\"mailto:infodiab\u00e8te@diabete.qc.ca\" target=\"_blank\" rel=\"noreferrer noopener\">infodiab\u00e8te@diabete.qc.ca<\/a><\/p>\n\n\n\n<p><br><em><strong>Please note that since May 30, 2022, Diabetes Quebec no longer has any affiliated associations. Therefore, there is no connection with them.<\/strong><\/em><\/p>\n","protected":false},"excerpt":{"rendered":"<p>Here are some informations about Diabetes Qu\u00e9bec. To download a PDF version, click on the button below. Diabetes Qu\u00e9bec is a non profit association supporting people living with diabetes in Qu\u00e9bec since more than 70 years. Our mission is to enhance the well-being of people with diabetes by providing them with support. Diabetes Qu\u00e9bec advocates&hellip;<\/p>\n","protected":false},"author":5,"featured_media":0,"parent":0,"menu_order":0,"comment_status":"closed","ping_status":"closed","template":"","meta":{"_acf_changed":false,"_relevanssi_hide_post":"","_relevanssi_hide_content":"","_relevanssi_pin_for_all":"","_relevanssi_pin_keywords":"","_relevanssi_unpin_keywords":"","_relevanssi_related_keywords":"","_relevanssi_related_include_ids":"","_relevanssi_related_exclude_ids":"","_relevanssi_related_no_append":"","_relevanssi_related_not_related":"","_relevanssi_related_posts":"12718,7256,15764,5343,15514,11781","_relevanssi_noindex_reason":"","footnotes":""},"class_list":["post-24272","page","type-page","status-publish","hentry"],"acf":[],"_links":{"self":[{"href":"https:\/\/www.diabete.qc.ca\/en\/wp-json\/wp\/v2\/pages\/24272","targetHints":{"allow":["GET"]}}],"collection":[{"href":"https:\/\/www.diabete.qc.ca\/en\/wp-json\/wp\/v2\/pages"}],"about":[{"href":"https:\/\/www.diabete.qc.ca\/en\/wp-json\/wp\/v2\/types\/page"}],"author":[{"embeddable":true,"href":"https:\/\/www.diabete.qc.ca\/en\/wp-json\/wp\/v2\/users\/5"}],"replies":[{"embeddable":true,"href":"https:\/\/www.diabete.qc.ca\/en\/wp-json\/wp\/v2\/comments?post=24272"}],"version-history":[{"count":8,"href":"https:\/\/www.diabete.qc.ca\/en\/wp-json\/wp\/v2\/pages\/24272\/revisions"}],"predecessor-version":[{"id":35072,"href":"https:\/\/www.diabete.qc.ca\/en\/wp-json\/wp\/v2\/pages\/24272\/revisions\/35072"}],"wp:attachment":[{"href":"https:\/\/www.diabete.qc.ca\/en\/wp-json\/wp\/v2\/media?parent=24272"}],"curies":[{"name":"wp","href":"https:\/\/api.w.org\/{rel}","templated":true}]}}