{"id":13764,"date":"2023-08-04T13:15:37","date_gmt":"2023-08-04T17:15:37","guid":{"rendered":"https:\/\/www.diabete.qc.ca\/prises-de-position-2\/"},"modified":"2024-04-18T15:09:49","modified_gmt":"2024-04-18T19:09:49","slug":"position-statements","status":"publish","type":"page","link":"https:\/\/www.diabete.qc.ca\/en\/position-statements\/","title":{"rendered":"Position statements"},"content":{"rendered":"<section class=\"bubble-ctas-block theme-block alignwide\">\n        <div class=\"bubble-ctas-block__grid\">\n\n      \n        <div class=\"bubble-ctas-block__item-wrapper\">\n          <a href='https:\/\/www.diabete.qc.ca\/wp-content\/uploads\/2024\/04\/Avis_CPDQ_Biosimilaires_avril2024_V2.pdf' target='_blank' class=\"bubble-ctas-block__item\" rel=\"noopener noreferrer\">            <div class=\"bubble-ctas-block__item__inner\" style=\"background-image: url(https:\/\/www.diabete.qc.ca\/wp-content\/uploads\/2014\/08\/Linsuline-en-bref.png);\">\n              <div class=\"bubble-ctas-block__item__texts-wrapper\">\n                <h3 class=\"bubble-ctas-block__item__title\">PCDQ&#039;s opinion on biosimilar insulins<\/h3>\n                <p class=\"bubble-ctas-block__item__text\">Here is an opinion from the Professional Council of Diabetes Qu\u00e9bec (PCDQ) on the efficacy of biosimilar insulins for the treatment of diabetes.<\/p>\n              <\/div>\n            <\/div>\n          <\/a>        <\/div>\n\n      \n        <div class=\"bubble-ctas-block__item-wrapper\">\n          <a href='https:\/\/www.diabete.qc.ca\/en\/news\/avis-penurie-dozempic\/' target='_blank' class=\"bubble-ctas-block__item\" rel=\"noopener noreferrer\">            <div class=\"bubble-ctas-block__item__inner\" style=\"background-image: url(https:\/\/www.diabete.qc.ca\/wp-content\/uploads\/2023\/10\/image-Ozempic.jpg);\">\n              <div class=\"bubble-ctas-block__item__texts-wrapper\">\n                <h3 class=\"bubble-ctas-block__item__title\">Position statement on the shortage of GLP-1 receptor agonists and related drugs (Ozempic\u00ae, Trulicity\u00ae, Victoza\u00ae, Mounjaro\u00ae)<\/h3>\n                <p class=\"bubble-ctas-block__item__text\"><\/p>\n              <\/div>\n            <\/div>\n          <\/a>        <\/div>\n\n      \n        <div class=\"bubble-ctas-block__item-wrapper\">\n          <a href='https:\/\/www.diabete.qc.ca\/en\/news\/position-statement-on-the-introduction-of-a-tax-on-sugary-drinks-dedicated-to-prevention-in-2022\/' class=\"bubble-ctas-block__item\">            <div class=\"bubble-ctas-block__item__inner\" style=\"background-image: url(https:\/\/www.diabete.qc.ca\/wp-content\/uploads\/2022\/03\/prise-position-boisson-gazeuse-1-270x189-1.png);\">\n              <div class=\"bubble-ctas-block__item__texts-wrapper\">\n                <h3 class=\"bubble-ctas-block__item__title\">Position statement on the introduction of a tax on sugary drinks dedicated to prevention in 2022<\/h3>\n                <p class=\"bubble-ctas-block__item__text\">Diabetes Qu\u00e9bec believes that preventive measures must be put in place to reduce the pressure on the health care system and promote the health and well-being of the population in Qu\u00e9bec.<\/p>\n              <\/div>\n            <\/div>\n          <\/a>        <\/div>\n\n      \n        <div class=\"bubble-ctas-block__item-wrapper\">\n          <a href='https:\/\/www.diabete.qc.ca\/en\/news\/position-statement-on-vaccination-of-people-living-with-diabetes-addendum\/' class=\"bubble-ctas-block__item\">            <div class=\"bubble-ctas-block__item__inner\" style=\"background-image: url(https:\/\/www.diabete.qc.ca\/wp-content\/uploads\/2023\/04\/vaccin-covid-270x268-1.png);\">\n              <div class=\"bubble-ctas-block__item__texts-wrapper\">\n                <h3 class=\"bubble-ctas-block__item__title\">Position statement on vaccination of people living with diabetes &#8211; Addendum<\/h3>\n                <p class=\"bubble-ctas-block__item__text\">Diabetes Qu\u00e9bec and its Professional Council have once again taken a position on COVID-19 vaccination for people with diabetes. Here are the details.<\/p>\n              <\/div>\n            <\/div>\n          <\/a>        <\/div>\n\n      \n        <div class=\"bubble-ctas-block__item-wrapper\">\n          <a href='https:\/\/www.diabete.qc.ca\/en\/news\/position-on-tax-credits-for-people-living-with-insulin-dependent-diabetes\/' class=\"bubble-ctas-block__item\">            <div class=\"bubble-ctas-block__item__inner\" style=\"background-image: url(https:\/\/www.diabete.qc.ca\/wp-content\/uploads\/2021\/04\/Pixabay_calculatrice_budget_g79d3cf52b_1920.jpg);\">\n              <div class=\"bubble-ctas-block__item__texts-wrapper\">\n                <h3 class=\"bubble-ctas-block__item__title\">Position on tax credits for people living with insulin-dependent diabetes<\/h3>\n                <p class=\"bubble-ctas-block__item__text\">Given the debate surrounding the tax credits for the benefit of people with insulin-dependent diabetes, Diabetes Qu\u00e9bec and its Professional Council have expressed their opinion on the subject.<\/p>\n              <\/div>\n            <\/div>\n          <\/a>        <\/div>\n\n      \n        <div class=\"bubble-ctas-block__item-wrapper\">\n          <a href='https:\/\/www.diabete.qc.ca\/en\/news\/position-statement-about-priority-covid-19-vaccination-for-adults-living-with-diabetes\/' class=\"bubble-ctas-block__item\">            <div class=\"bubble-ctas-block__item__inner\" style=\"background-image: url(https:\/\/www.diabete.qc.ca\/wp-content\/uploads\/2021\/01\/pexels-vaccination_covid_frank-merino-8736350.jpg);\">\n              <div class=\"bubble-ctas-block__item__texts-wrapper\">\n                <h3 class=\"bubble-ctas-block__item__title\">Position statement of the Diabetes Qu\u00e9bec Professional Council \u2013 Adults living with diabetes must be given priority for COVID-19 vaccination<\/h3>\n                <p class=\"bubble-ctas-block__item__text\">In light of the most recent scientific data1-2-3-4, the Diabetes Qu\u00e9bec Professional Council (CPDQ) is reiterating its demand that the Qu\u00e9bec government and the Qu\u00e9bec health authority (INSPQ) revise its list of priority groups for COVID-19 vaccination so that all adults living with diabetes, including younger age groups with type 1 diabetes, can benefit from a vaccination much earlier than what has been proposed to date.<\/p>\n              <\/div>\n            <\/div>\n          <\/a>        <\/div>\n\n      \n    <\/div>\n    <\/section>\n","protected":false},"excerpt":{"rendered":"","protected":false},"author":1,"featured_media":0,"parent":0,"menu_order":54,"comment_status":"closed","ping_status":"open","template":"","meta":{"_acf_changed":false,"_relevanssi_hide_post":"","_relevanssi_hide_content":"","_relevanssi_pin_for_all":"","_relevanssi_pin_keywords":"","_relevanssi_unpin_keywords":"","_relevanssi_related_keywords":"","_relevanssi_related_include_ids":"","_relevanssi_related_exclude_ids":"","_relevanssi_related_no_append":"","_relevanssi_related_not_related":"","_relevanssi_related_posts":"11148,9849,9690,10292,9061,9840","_relevanssi_noindex_reason":"","footnotes":""},"class_list":["post-13764","page","type-page","status-publish","hentry"],"acf":[],"_links":{"self":[{"href":"https:\/\/www.diabete.qc.ca\/en\/wp-json\/wp\/v2\/pages\/13764","targetHints":{"allow":["GET"]}}],"collection":[{"href":"https:\/\/www.diabete.qc.ca\/en\/wp-json\/wp\/v2\/pages"}],"about":[{"href":"https:\/\/www.diabete.qc.ca\/en\/wp-json\/wp\/v2\/types\/page"}],"author":[{"embeddable":true,"href":"https:\/\/www.diabete.qc.ca\/en\/wp-json\/wp\/v2\/users\/1"}],"replies":[{"embeddable":true,"href":"https:\/\/www.diabete.qc.ca\/en\/wp-json\/wp\/v2\/comments?post=13764"}],"version-history":[{"count":7,"href":"https:\/\/www.diabete.qc.ca\/en\/wp-json\/wp\/v2\/pages\/13764\/revisions"}],"predecessor-version":[{"id":33423,"href":"https:\/\/www.diabete.qc.ca\/en\/wp-json\/wp\/v2\/pages\/13764\/revisions\/33423"}],"wp:attachment":[{"href":"https:\/\/www.diabete.qc.ca\/en\/wp-json\/wp\/v2\/media?parent=13764"}],"curies":[{"name":"wp","href":"https:\/\/api.w.org\/{rel}","templated":true}]}}