{"id":13697,"date":"2019-09-04T00:00:00","date_gmt":"2019-09-04T04:00:00","guid":{"rendered":"https:\/\/www.diabete.qc.ca\/coordinates\/"},"modified":"2023-06-12T13:21:09","modified_gmt":"2023-06-12T17:21:09","slug":"coordinates","status":"publish","type":"page","link":"https:\/\/www.diabete.qc.ca\/en\/coordinates\/","title":{"rendered":"How to Reach Us"},"content":{"rendered":"\n<h2 class=\"wp-block-heading\">Diabete Qu\u00e9bec<\/h2>\n\n<p>3750, boul. Cr\u00e9mazie Est, bureau 500<br\/>Montr\u00e9al\u00a0QC\u00a0H2A 1B6<\/p>\n\n<p><a rel=\"noreferrer noopener\" href=\"https:\/\/maps.google.com\/?key=AIzaSyCiFzcAr6qbYUttAKVKMcgv-lHanry3fbs&amp;daddr=3750+Cr%C3%A9mazie+Est+Montr%C3%A9al+QC%20H2A%201B6\" target=\"_blank\">Voir les directions<\/a><\/p>\n\n<p>T\u00e9l\u00e9phone : 514 259-3422 <br\/>Sans frais :  1 800 361-3504 <br\/>T\u00e9l\u00e9copieur : 514 259-9286 <br\/><br\/><a href=\"mailto:infodiabete@diabete.qc.ca\">Nous joindre par courriel<\/a> <\/p>\n\n<p><br\/><strong>BOTTIN DE L&#8217;\u00c9QUIPE<\/strong><\/p>\n\n<figure class=\"wp-block-image size-large\"><img decoding=\"async\" src=\"https:\/\/www.diabete.qc.ca\/wp-content\/uploads\/2022\/11\/Bottin_DQ_novembre_2022-1024x647.jpg\" alt=\"\" class=\"wp-image-12840\"\/><\/figure>\n\n<p>Pour consulter les <strong>formations<\/strong> disponibles chez <strong>Universi-D, l&#8217;\u00e9cole du diab\u00e8te de Diab\u00e8te Qu\u00e9bec<\/strong>, veuillez <a rel=\"noreferrer noopener\" href=\"http:\/\/universi-d.com\/\" target=\"_blank\">cliquer ici<\/a>. <\/p>\n","protected":false},"excerpt":{"rendered":"<p>Diabete Qu\u00e9bec 3750, boul. Cr\u00e9mazie Est, bureau 500Montr\u00e9al\u00a0QC\u00a0H2A 1B6 Voir les directions T\u00e9l\u00e9phone : 514 259-3422 Sans frais : 1 800 361-3504 T\u00e9l\u00e9copieur : 514 259-9286 Nous joindre par courriel BOTTIN DE L&#8217;\u00c9QUIPE Pour consulter les formations disponibles chez Universi-D, l&#8217;\u00e9cole du diab\u00e8te de Diab\u00e8te Qu\u00e9bec, veuillez cliquer ici.<\/p>\n","protected":false},"author":1,"featured_media":0,"parent":0,"menu_order":0,"comment_status":"closed","ping_status":"open","template":"","meta":{"_acf_changed":false,"_relevanssi_hide_post":"","_relevanssi_hide_content":"","_relevanssi_pin_for_all":"","_relevanssi_pin_keywords":"","_relevanssi_unpin_keywords":"","_relevanssi_related_keywords":"","_relevanssi_related_include_ids":"","_relevanssi_related_exclude_ids":"","_relevanssi_related_no_append":"","_relevanssi_related_not_related":"","_relevanssi_related_posts":"194,7791,9088,7933,10235,9320","_relevanssi_noindex_reason":"","footnotes":""},"class_list":["post-13697","page","type-page","status-publish","hentry"],"acf":[],"_links":{"self":[{"href":"https:\/\/www.diabete.qc.ca\/en\/wp-json\/wp\/v2\/pages\/13697","targetHints":{"allow":["GET"]}}],"collection":[{"href":"https:\/\/www.diabete.qc.ca\/en\/wp-json\/wp\/v2\/pages"}],"about":[{"href":"https:\/\/www.diabete.qc.ca\/en\/wp-json\/wp\/v2\/types\/page"}],"author":[{"embeddable":true,"href":"https:\/\/www.diabete.qc.ca\/en\/wp-json\/wp\/v2\/users\/1"}],"replies":[{"embeddable":true,"href":"https:\/\/www.diabete.qc.ca\/en\/wp-json\/wp\/v2\/comments?post=13697"}],"version-history":[{"count":1,"href":"https:\/\/www.diabete.qc.ca\/en\/wp-json\/wp\/v2\/pages\/13697\/revisions"}],"predecessor-version":[{"id":29882,"href":"https:\/\/www.diabete.qc.ca\/en\/wp-json\/wp\/v2\/pages\/13697\/revisions\/29882"}],"wp:attachment":[{"href":"https:\/\/www.diabete.qc.ca\/en\/wp-json\/wp\/v2\/media?parent=13697"}],"curies":[{"name":"wp","href":"https:\/\/api.w.org\/{rel}","templated":true}]}}