{"id":13656,"date":"2019-09-04T00:00:00","date_gmt":"2019-09-04T04:00:00","guid":{"rendered":"https:\/\/www.diabete.qc.ca\/professional-council\/"},"modified":"2026-01-29T14:29:01","modified_gmt":"2026-01-29T19:29:01","slug":"professional-council","status":"publish","type":"page","link":"https:\/\/www.diabete.qc.ca\/en\/professional-council\/","title":{"rendered":"Professional Council of Diabetes Qu\u00e9bec"},"content":{"rendered":"\n<p>Created in 1979, the Professional Council of Diabetes Qu\u00e9bec is comprised of researchers and health professionals working in the field of diabetes. The role of the CPDQ is to bring the expertise of its members to Diabetes Qu\u00e9bec and its diabetes school: Universi-D.<\/p>\n\n\n\n<p>The members of the council are:<\/p>\n\n\n\n<p><strong>Dr. R\u00e9mi Rabasa-Lhoret, MD, PhD | President of the CPDQ<\/strong><br>Full Research Professor \u2013 Montreal Clinical Research Institute (IRCM)<br>Full Associate Professor, Department of Nutrition, Faculty of Medicine \u2013 Universit\u00e9 de Montr\u00e9al<br>Vice President, Clinic and Clinical Research \u2013 IRCM<br>Director, Metabolic Diseases Research Unit \u2013 IRCM<br>Director, Diabetes, Metabolism and Obesity Clinic \u2013 IRCM<br>Director, Research Platform on Obesity, Metabolism and Diabetes \u2013 IRCM<br>Holder of the J.A. DeS\u00e8ve and Lamarre Gosselin Research Chairs \u2013 IRCM &amp; <em>Universit\u00e9 de Lille, France<\/em><br>Associate researcher \u2013 CHUM Research Centre<br>Physician, Endocrinology Division, Department of Medicine \u2013 CHUM<br>Adjunct Professor, Department of Medicine, Division of Experimental Medicine \u2013 McGill University<br>Member of the Canadian Academy of Health Sciences (CAHS)<\/p>\n\n\n\n<p><strong>Jane Yardley,&nbsp; PhD | President of the Scholarship Committee<br><\/strong>Associate Professor, Faculty of Medicine &#8211; School of Kinesiology and Physical Activity Sciences, Universit\u00e9 de Montr\u00e9al<br>Director, Research Unit in Physical Activity and Diabetes, Institut de recherches cliniques de Montr\u00e9al<br>Associate Professor, Faculty of Kinesiology, Sport and Recreation, University of Alberta<br>Associate Professor, Augustana Faculty, University of Alberta<\/p>\n\n\n\n<p><strong>Dr. Laurie Branchaud-Croiseti\u00e8re, MD<\/strong><br>Endocrinologist, CIUSSS du Saguenay-Lac-Saint-Jean<br>H\u00f4pital de Chicoutimi<br>Clinical Professor, Universit\u00e9 de Sherbrooke<\/p>\n\n\n\n<p><strong>Dr. Anne-Sophie Brazeau, DtP, PhD<\/strong><br>Assistant Professor, School of Human Nutrition \u2013 McGill University<\/p>\n\n\n\n<p><strong>Dr. Andr\u00e9 C. Carpentier, MD, FRCPC<\/strong><br>Professor, Canada Research Chair in Molecular Imaging of Diabetes \u2013 Universit\u00e9 de Sherbrooke<br>Department of Medicine \u2013 CHUS Research Center<\/p>\n\n\n\n<p><strong>Dr. Alexandre Chadi, <strong>PharmD, MSc, CDE<\/strong><\/strong><br>Community Pharmacist \u2013 Parc-Extension, Montr\u00e9al<br>Clinical Assistant Professor, Faculty of Pharmacy \u2013 Universit\u00e9 de Montr\u00e9al<br>Associate Clinician, Faculty of Pharmacy \u2013 Universit\u00e9 de Montr\u00e9al<br>Clinical Lecturer, Faculty of Pharmacy \u2013 Universit\u00e9 Laval<\/p>\n\n\n\n<p><strong>Steve Chalifoux, CN<\/strong><br>Diabetes Specialist Nurse \u2013 CISSS de Laval<br><br><strong>Dr. H\u00e9l\u00e8ne Daoust, MD, CDE<\/strong><br>General Practitioner, Diabetes Qu\u00e9bec\u2019s Support Program for People Living with Diabetes<br>Palliative Care, CHSLD Docteur-Aim\u00e9-Leduc<\/p>\n\n\n\n<p><strong>Dr. Kaberi Dasgupta, MD, MSc, FRCPC<\/strong><br>Full Professor of Medicine \u2013 McGill University<br>Physician \u2013 McGill University Health Center (MUHC)<br>Director and Senior Scientist, Centre for Outcomes Research and Evaluation (CORE) \u2013 MUHC<\/p>\n\n\n\n<p><strong>Isabelle Frenette, CN<\/strong><br>Nurse Clinician \u2013 CIUSSS du Saguenay-Lac-Saint-Jean<br>Specialized Clinics<\/p>\n\n\n\n<p><strong>Dr. Pedro Geraldes, PhD<\/strong><br>Director of the Diabetes, Obesity and Cardiovascular Complications Center of Excellence \u2013 <em>Universit\u00e9 de Sherbrooke<\/em><br>Full Professor, Faculty of Medicine and Health Sciences \u2013 Universit\u00e9 de Sherbrooke<br>Holder of the Canada Research Chair in Diabetes and Vascular Complications<\/p>\n\n\n\n<p><strong>Ann Gobeil, Nurse Clinician<\/strong><br>Centre d&#8217;expertise en diab\u00e8te<br>Centre hospitalier de l&#8217;Universit\u00e9 de Montr\u00e9al<\/p>\n\n\n\n<p><strong>Dr. M\u00e9lanie Henderson, MD, PhD, FRCPC<\/strong><br>Deputy Head, Research Axis, Metabolic and Cardiovascular Health \u2013 CHU Sainte-Justine Research Center<br>Pediatric endocrinologist, CHU Sainte-Justine<br>Clinical Assistant Professor, Department of Pediatrics, Faculty of Medicine \u2013 Universit\u00e9 de Montr\u00e9al<br>Clinical Assistant Professor, School of Public Health \u2013 Universit\u00e9 de Montr\u00e9al<br>Department of Epidemiology, Biostatistics and Occupational Health \u2013 McGill University<br>Co-director of the Centre CIRCUIT \u2013 CHU Sainte-Justine<\/p>\n\n\n\n<p><strong>Dr. Sylvain Iceta, MD, PhD<\/strong><br>Psychiatrist \u2013&nbsp;Institut universitaire de cardiologie et de pneumologie de Qu\u00e9bec (IUCPQ) and CIUSSS-CN<br>Assistant Professor, Department of Psychiatry and Neurosciences \u2013&nbsp;Universit\u00e9 Laval<br>Researcher&nbsp;\u2013 Centre de recherche de l\u2019Institut universitaire de cardiologie et de pneumologie de Qu\u00e9bec (IUCPQ)<br>Researcher \u2013&nbsp;Centre de recherche du CHU de Qu\u00e9bec<\/p>\n\n\n\n<p><strong>Val\u00e9rie Savard, Dt.P, M.Sc, CDE<\/strong><br>Director, Professional Services \u2013 Diabetes Qu\u00e9bec<br>Director, Support Program for People Living with Diabetes \u2013 Diabetes Qu\u00e9bec<\/p>\n\n\n\n<p><strong>Dr. Nadine Taleb, MD, PhD<\/strong><br>Endocrinologist&nbsp;\u2013 Centre hospitalier de l\u2019Universit\u00e9 de Montr\u00e9al<br>Clinical Assistant Professor \u2013 Department of Medicine, Universit\u00e9 de Montr\u00e9al<br>Regular Researcher \u2013 Cardiometabolic Axis, CRCHUM<br><br><br><\/p>\n\n\n\n<p><\/p>\n","protected":false},"excerpt":{"rendered":"<p>Created in 1979, the Professional Council of Diabetes Qu\u00e9bec is comprised of researchers and health professionals working in the field of diabetes. The role of the CPDQ is to bring the expertise of its members to Diabetes Qu\u00e9bec and its diabetes school: Universi-D. The members of the council are: Dr. R\u00e9mi Rabasa-Lhoret, MD, PhD |&hellip;<\/p>\n","protected":false},"author":1,"featured_media":0,"parent":0,"menu_order":0,"comment_status":"closed","ping_status":"open","template":"","meta":{"_acf_changed":false,"_relevanssi_hide_post":"","_relevanssi_hide_content":"","_relevanssi_pin_for_all":"","_relevanssi_pin_keywords":"","_relevanssi_unpin_keywords":"","_relevanssi_related_keywords":"","_relevanssi_related_include_ids":"","_relevanssi_related_exclude_ids":"","_relevanssi_related_no_append":"","_relevanssi_related_not_related":"","_relevanssi_related_posts":"12718,7588,10630,9690,9061,9560","_relevanssi_noindex_reason":"","footnotes":""},"class_list":["post-13656","page","type-page","status-publish","hentry"],"acf":[],"_links":{"self":[{"href":"https:\/\/www.diabete.qc.ca\/en\/wp-json\/wp\/v2\/pages\/13656","targetHints":{"allow":["GET"]}}],"collection":[{"href":"https:\/\/www.diabete.qc.ca\/en\/wp-json\/wp\/v2\/pages"}],"about":[{"href":"https:\/\/www.diabete.qc.ca\/en\/wp-json\/wp\/v2\/types\/page"}],"author":[{"embeddable":true,"href":"https:\/\/www.diabete.qc.ca\/en\/wp-json\/wp\/v2\/users\/1"}],"replies":[{"embeddable":true,"href":"https:\/\/www.diabete.qc.ca\/en\/wp-json\/wp\/v2\/comments?post=13656"}],"version-history":[{"count":8,"href":"https:\/\/www.diabete.qc.ca\/en\/wp-json\/wp\/v2\/pages\/13656\/revisions"}],"predecessor-version":[{"id":37200,"href":"https:\/\/www.diabete.qc.ca\/en\/wp-json\/wp\/v2\/pages\/13656\/revisions\/37200"}],"wp:attachment":[{"href":"https:\/\/www.diabete.qc.ca\/en\/wp-json\/wp\/v2\/media?parent=13656"}],"curies":[{"name":"wp","href":"https:\/\/api.w.org\/{rel}","templated":true}]}}