{"id":13654,"date":"2019-09-04T00:00:00","date_gmt":"2019-09-04T04:00:00","guid":{"rendered":"https:\/\/www.diabete.qc.ca\/board-of-directors\/"},"modified":"2026-02-02T10:24:36","modified_gmt":"2026-02-02T15:24:36","slug":"board-of-directors","status":"publish","type":"page","link":"https:\/\/www.diabete.qc.ca\/en\/board-of-directors\/","title":{"rendered":"Board of directors"},"content":{"rendered":"\n<h3 class=\"wp-block-heading\">Board of directors<\/h3>\n\n\n\n<p>Martin Larose, President<\/p>\n\n\n\n<p>\u00c9ric Beauregard, Vice-President<\/p>\n\n\n\n<p>Jean-Fran\u00e7ois Cyr, Treasurer<\/p>\n\n\n\n<p>Denis Villeneuve, Secretary<\/p>\n\n\n\n<p>Susana Lazaro, President and CEO<\/p>\n\n\n\n<p>Serge Beauchemin, administrator<\/p>\n\n\n\n<p>Dre L\u00e9na Salgado, administrator<\/p>\n\n\n\n<p>Maude St-Onge, administrator<\/p>\n\n\n\n<p><br>For any questions for the Board of Directors :&nbsp;<a href=\"mailto:direction@diabete.qc.ca\">beaudry@diabete.qc.ca<\/a><\/p>\n\n\n\n<p>Source&nbsp;: Diabetes Qu\u00e9bec \u2013 November 2025<\/p>\n\n\n\n<p><\/p>\n","protected":false},"excerpt":{"rendered":"<p>Board of directors Martin Larose, President \u00c9ric Beauregard, Vice-President Jean-Fran\u00e7ois Cyr, Treasurer Denis Villeneuve, Secretary Susana Lazaro, President and CEO Serge Beauchemin, administrator Dre L\u00e9na Salgado, administrator Maude St-Onge, administrator For any questions for the Board of Directors :&nbsp;beaudry@diabete.qc.ca Source&nbsp;: Diabetes Qu\u00e9bec \u2013 November 2025<\/p>\n","protected":false},"author":1,"featured_media":0,"parent":0,"menu_order":0,"comment_status":"closed","ping_status":"open","template":"","meta":{"_acf_changed":false,"_relevanssi_hide_post":"","_relevanssi_hide_content":"","_relevanssi_pin_for_all":"","_relevanssi_pin_keywords":"","_relevanssi_unpin_keywords":"","_relevanssi_related_keywords":"","_relevanssi_related_include_ids":"","_relevanssi_related_exclude_ids":"","_relevanssi_related_no_append":"","_relevanssi_related_not_related":"","_relevanssi_related_posts":"9560,9061,12546,11175,9849,7256","_relevanssi_noindex_reason":"","footnotes":""},"class_list":["post-13654","page","type-page","status-publish","hentry"],"acf":[],"_links":{"self":[{"href":"https:\/\/www.diabete.qc.ca\/en\/wp-json\/wp\/v2\/pages\/13654","targetHints":{"allow":["GET"]}}],"collection":[{"href":"https:\/\/www.diabete.qc.ca\/en\/wp-json\/wp\/v2\/pages"}],"about":[{"href":"https:\/\/www.diabete.qc.ca\/en\/wp-json\/wp\/v2\/types\/page"}],"author":[{"embeddable":true,"href":"https:\/\/www.diabete.qc.ca\/en\/wp-json\/wp\/v2\/users\/1"}],"replies":[{"embeddable":true,"href":"https:\/\/www.diabete.qc.ca\/en\/wp-json\/wp\/v2\/comments?post=13654"}],"version-history":[{"count":8,"href":"https:\/\/www.diabete.qc.ca\/en\/wp-json\/wp\/v2\/pages\/13654\/revisions"}],"predecessor-version":[{"id":37204,"href":"https:\/\/www.diabete.qc.ca\/en\/wp-json\/wp\/v2\/pages\/13654\/revisions\/37204"}],"wp:attachment":[{"href":"https:\/\/www.diabete.qc.ca\/en\/wp-json\/wp\/v2\/media?parent=13654"}],"curies":[{"name":"wp","href":"https:\/\/api.w.org\/{rel}","templated":true}]}}