{"id":13585,"date":"2014-08-19T00:00:00","date_gmt":"2014-08-19T04:00:00","guid":{"rendered":"https:\/\/www.diabete.qc.ca\/living-with-a-person-with-diabetes\/"},"modified":"2023-06-01T14:13:37","modified_gmt":"2023-06-01T18:13:37","slug":"living-with-a-person-with-diabetes","status":"publish","type":"page","link":"https:\/\/www.diabete.qc.ca\/en\/diabetes\/living-with-diabetes\/for-the-caregivers\/living-with-a-person-with-diabetes\/","title":{"rendered":"Living with a person with diabetes"},"content":{"rendered":"<div class=\"classic-block\">After someone is diagnosed with diabetes, how family members react will vary according to their individual personalities, how attached they are to the person with diabetes and their sense of responsibility. Their reactions can reflect a lack of knowledge, anxiety, fear or even a desire to help.<\/p>\n<p>People don\u2019t always know what to do when someone is diagnosed with diabetes. Here are some suggestions to help you support a family member on his diabetes journey.<\/p>\n<h2>Do your best but don\u2019t ask the impossible of yourself<\/h2>\n<p>Be realistic about your role. You can do everything humanly possible and still not succeed in changing the behaviour of the person with diabetes. Remember: you are not responsible for the things over which you have no control. If the diabetic individual\u2019s condition deteriorates, this is not necessarily due to something you didn\u2019t do.<\/p>\n<p>Remember that you\u2019ve done your best with the resources and knowledge you possess, within your limitations. You can be proud of your efforts, even if they don\u2019t lead to the desired result.<\/p>\n<p>Focus on what\u2019s possible instead of the ideal. Your goal is not to make the person with diabetes completely happy every moment of the day for the rest of his life. That\u2019s impossible. He, like the rest of us, will have to deal with frustrations and disappointment. You can\u2019t possibly know, understand and anticipate everything, so give up that notion.<\/p>\n<h2>Encourage a sense of responsibility<\/h2>\n<p>While you can be present and guide the person with diabetes, allow him to assume his responsibilities, which will help him regain control over his life. You can be there to listen, to counsel and support, but there are things you must let the person do for himself.<\/p>\n<p>Be careful not to become overprotective: the person with diabetes must learn to take responsibility and look after his diabetes.<\/p>\n<h2>Look for good quality information<\/h2>\n<p>Help the person with diabetes find the information relevant to his disease and treatment. Facilitate access to this information and, if necessary, put him in touch with experienced diabetics. A thorough understanding of his disease will help him feel more in control of his new reality.<\/p>\n<h2>Encourage adherence to the treatment<\/h2>\n<p>Family is often the motivating agent, reminding the diabetic of his disease, the importance of dealing with it, the solutions to improve his quality of life, as well as his own ability to promote his well-being. Encourage him to have realistic expectations and to persevere even if the results are not as satisfactory as he had hoped.<\/p>\n<h2>Applaud the successes<\/h2>\n<p>Congratulate the person with diabetes for his successes. Mention from time to time how much you appreciate his efforts and the fact that this will increase the chance of having a long and pleasant life together.<\/p>\n<p>Encourage all activities and decisions that lead to more autonomy, competence, self-control and self-esteem.<\/p>\n<h2>Speak from the \u201cI\u201d perspective<\/h2>\n<p>If you accuse someone or make him feel guilty by saying, for example, \u201cYou can\u2019t stop cheating. You have no will power!\u201d you risk the opposite reaction: as an expression of frustration or independence, the person with diabetes might cheat even more.<\/p>\n<p>To avoid provoking a rebellious reaction, avoid directly confronting the person with diabetes or challenging his arguments.<\/p>\n<p>Instead, turn the discussion around and focus on how you feel: \u201cI feel uncomfortable when you eat without considering your diabetes. I am afraid that your health is going to suffer. It makes me sad when I think that you could get sicker and that I could lose you.\u201d You will have a greater chance of being heard.<\/p>\n<h2>Set an example<\/h2>\n<p>You can set an example by adopting a balanced lifestyle and healthy diet for yourself. You can also be a model of flexibility and adaptability in tough situations (changing jobs, changing habits, improving your health behaviours).<\/p>\n<p>You needn\u2019t go so far as to follow a diet as restrictive as the diabetic\u2019s. You are two different people. You have the right to your own life.<\/p>\n<h2>Learn to say No<\/h2>\n<p>You can refuse to do something you consider harmful to the health of the person with diabetes, such as buying or making certain foods he must avoid. You can decide that his demands are sometimes excessive or simply give priority to your own needs. Take a critical look at what you have to do. You, too, have the right to a good life.<\/p>\n<h2>Take care of yourself<\/h2>\n<p>Respect your limits. When you believe you have done everything you can, give yourself permission to turn your attention away from the disease. Get involved in other things. Learn to relax.<\/p>\n<p>Don\u2019t try to continually control your feelings, to always appear happy, calm and serene. Like the rest of humanity, you are entitled to express the full range of emotions.<\/p>\n<p>Give yourself permission to be tired or sick. Take time for yourself. You will be of no use to anyone if you become completely exhausted.<\/p>\n<p>Regularly assess your interest, availability and ability to help. Express how you feel to a confidant. That will help you better understand what you are experiencing. Accept help from your family and friends.<\/p>\n<p style=\"text-align: center;\">________________________________________________<\/p>\n<p><strong>Resource:<\/strong><\/p>\n<p>\u00c9ko\u00e9, Jean-Marie. (2010) Vivre avec une personne atteinte de diab\u00e8te, Montr\u00e9al: \u00c9ditions Bayard Canada.<\/p>\n<p><strong>Research and adaptation:<\/strong> Diabetes Qu\u00e9bec team of health care professionals<\/p>\n<p><strong>Scientific review:<\/strong> Dr. Alain Janelle, Psychologist<\/p>\n<p>Adapted from:<\/p>\n<p>Fortin, Bruno, Psychologist. (Spring 1993). \u201cVivre avec une personne diab\u00e9tique,\u201d Plein Soleil, Diabetes Qu\u00e9bec, pp. 5-7.<\/p>\n<p>July 2014 (updated on July 2018)<\/p>\n<p>\u00a9All rights reserved Diabetes Qu\u00e9bec<\/p><\/div>\n","protected":false},"excerpt":{"rendered":"<p>After someone is diagnosed with diabetes, how family members react will vary according to their individual personalities, how attached they are to the person with diabetes and their sense of responsibility. Their reactions can reflect a lack of knowledge, anxiety, fear or even a desire to help. People don\u2019t always know what to do when&hellip;<\/p>\n","protected":false},"author":1,"featured_media":25125,"parent":24325,"menu_order":0,"comment_status":"closed","ping_status":"open","template":"","meta":{"_acf_changed":false,"_relevanssi_hide_post":"","_relevanssi_hide_content":"","_relevanssi_pin_for_all":"","_relevanssi_pin_keywords":"","_relevanssi_unpin_keywords":"","_relevanssi_related_keywords":"","_relevanssi_related_include_ids":"","_relevanssi_related_exclude_ids":"","_relevanssi_related_no_append":"","_relevanssi_related_not_related":"","_relevanssi_related_posts":"7588,7531,15514,9690,12762,9560","_relevanssi_noindex_reason":"","footnotes":""},"class_list":["post-13585","page","type-page","status-publish","has-post-thumbnail","hentry"],"acf":[],"_links":{"self":[{"href":"https:\/\/www.diabete.qc.ca\/en\/wp-json\/wp\/v2\/pages\/13585","targetHints":{"allow":["GET"]}}],"collection":[{"href":"https:\/\/www.diabete.qc.ca\/en\/wp-json\/wp\/v2\/pages"}],"about":[{"href":"https:\/\/www.diabete.qc.ca\/en\/wp-json\/wp\/v2\/types\/page"}],"author":[{"embeddable":true,"href":"https:\/\/www.diabete.qc.ca\/en\/wp-json\/wp\/v2\/users\/1"}],"replies":[{"embeddable":true,"href":"https:\/\/www.diabete.qc.ca\/en\/wp-json\/wp\/v2\/comments?post=13585"}],"version-history":[{"count":7,"href":"https:\/\/www.diabete.qc.ca\/en\/wp-json\/wp\/v2\/pages\/13585\/revisions"}],"predecessor-version":[{"id":28669,"href":"https:\/\/www.diabete.qc.ca\/en\/wp-json\/wp\/v2\/pages\/13585\/revisions\/28669"}],"up":[{"embeddable":true,"href":"https:\/\/www.diabete.qc.ca\/en\/wp-json\/wp\/v2\/pages\/24325"}],"wp:featuredmedia":[{"embeddable":true,"href":"https:\/\/www.diabete.qc.ca\/en\/wp-json\/wp\/v2\/media\/25125"}],"wp:attachment":[{"href":"https:\/\/www.diabete.qc.ca\/en\/wp-json\/wp\/v2\/media?parent=13585"}],"curies":[{"name":"wp","href":"https:\/\/api.w.org\/{rel}","templated":true}]}}