{"id":13305,"date":"2014-11-04T00:00:00","date_gmt":"2014-11-04T05:00:00","guid":{"rendered":"https:\/\/www.diabete.qc.ca\/ciusss-de-capitale-nationale\/iness-self-monitoring-of-blood-glucose\/"},"modified":"2014-11-04T00:00:00","modified_gmt":"2014-11-04T05:00:00","slug":"iness-self-monitoring-of-blood-glucose","status":"publish","type":"page","link":"https:\/\/www.diabete.qc.ca\/en\/iness-self-monitoring-of-blood-glucose\/","title":{"rendered":"INESSS: Self monitoring of blood glucose"},"content":{"rendered":"<div class=\"classic-block\">\n<p>The Institut national d\u2019excellence en sant\u00e9 et en services sociaux (INESSS) has taken on the development of an optimal use guide for self monitoring of blood glucose (SMBG) for adults with type 2 diabetes not treated with insulin in Qu\u00e9bec, published in December 2013.<\/p>\n<p>\u00ab The objectives of the present health technology assessment (HTA) report were to (1) summarize the evidence on efficacy, safety and cost effectiveness of SMBG for adults with type 2 diabetes not treated with insulin, (2) analyze social aspects related to use of SMBG, and (3) examine pharmacoepidemiological aspects of using SMBG test strips in Qu\u00e9bec. The results presented herein have helped inform the development of the optimal use guide for SMBG. \u00bb <sup>1<\/sup><\/p>\n<p>View the English\u00a0<a href=\"http:\/\/www.inesss.qc.ca\/fileadmin\/doc\/INESSS\/Rapports\/MaladiesChroniques\/INESSS_Guide_usage_EN_ASG.pdf\" target=\"_blank\" rel=\"noopener\">guide in PDF<\/a>.<\/p>\n<p>Visit the <a href=\"http:\/\/www.inesss.qc.ca\/en\/publications\/publications\/publication\/autosurveillance-glycemique-chez-les-adultes-atteints-de-diabete-de-type-2-non-traites-par-lin.html\" target=\"_blank\" rel=\"noopener\">INESS website to know more<\/a>.<\/p>\n<p><sup>1<\/sup>\u00a0INESS, (2013),\u00a0Autosurveillance glyc\u00e9mique chez les adultes atteints de diab\u00e8te de type 2 non trait\u00e9s par l\u2019insuline,\u00a0Rapport d\u2019\u00e9valuation des technologies de la sant\u00e9\u00a0[Online]. Found at http:\/\/www.inesss.qc.ca\/en\/publications\/publications\/publication\/autosurveillance-glycemique-chez-les-adultes-atteints-de-diabete-de-type-2-non-traites-par-lin.html<\/p>\n<p>\u00a0<\/p>\n<p>Diabetes Qu\u00e9bec Team of Health Care Professionals<\/p>\n<p>November 2014 (updated on July 2018)<\/p>\n<p>\u00a9All rights reserved Diabetes Quebec<\/p>\n<p>\u00a0<\/p>\n<\/div>\n","protected":false},"excerpt":{"rendered":"<p>The Institut national d\u2019excellence en sant\u00e9 et en services sociaux (INESSS) has taken on the development of an optimal use guide for self monitoring of blood glucose (SMBG) for adults with type 2 diabetes not treated with insulin in Qu\u00e9bec, published in December 2013. \u00ab The objectives of the present health technology assessment (HTA) report&hellip;<\/p>\n","protected":false},"author":1,"featured_media":13304,"parent":0,"menu_order":114,"comment_status":"closed","ping_status":"open","template":"","meta":{"_acf_changed":false,"_relevanssi_hide_post":"","_relevanssi_hide_content":"","_relevanssi_pin_for_all":"","_relevanssi_pin_keywords":"","_relevanssi_unpin_keywords":"","_relevanssi_related_keywords":"","_relevanssi_related_include_ids":"","_relevanssi_related_exclude_ids":"","_relevanssi_related_no_append":"","_relevanssi_related_not_related":"","_relevanssi_related_posts":"194,7791,5346,6800,7933,7032","_relevanssi_noindex_reason":"","footnotes":""},"class_list":["post-13305","page","type-page","status-publish","has-post-thumbnail","hentry"],"acf":[],"_links":{"self":[{"href":"https:\/\/www.diabete.qc.ca\/en\/wp-json\/wp\/v2\/pages\/13305","targetHints":{"allow":["GET"]}}],"collection":[{"href":"https:\/\/www.diabete.qc.ca\/en\/wp-json\/wp\/v2\/pages"}],"about":[{"href":"https:\/\/www.diabete.qc.ca\/en\/wp-json\/wp\/v2\/types\/page"}],"author":[{"embeddable":true,"href":"https:\/\/www.diabete.qc.ca\/en\/wp-json\/wp\/v2\/users\/1"}],"replies":[{"embeddable":true,"href":"https:\/\/www.diabete.qc.ca\/en\/wp-json\/wp\/v2\/comments?post=13305"}],"version-history":[{"count":0,"href":"https:\/\/www.diabete.qc.ca\/en\/wp-json\/wp\/v2\/pages\/13305\/revisions"}],"wp:featuredmedia":[{"embeddable":true,"href":"https:\/\/www.diabete.qc.ca\/en\/wp-json\/wp\/v2\/media\/13304"}],"wp:attachment":[{"href":"https:\/\/www.diabete.qc.ca\/en\/wp-json\/wp\/v2\/media?parent=13305"}],"curies":[{"name":"wp","href":"https:\/\/api.w.org\/{rel}","templated":true}]}}