{"id":13177,"date":"2014-08-11T00:00:00","date_gmt":"2014-08-11T04:00:00","guid":{"rendered":"https:\/\/www.diabete.qc.ca\/home\/proche-2\/dysfonction-erectyle\/"},"modified":"2023-08-07T13:19:30","modified_gmt":"2023-08-07T17:19:30","slug":"erectile-dysfunction","status":"publish","type":"page","link":"https:\/\/www.diabete.qc.ca\/en\/diabetes\/information-on-diabetes\/diabetes-complications\/erectile-dysfunction\/","title":{"rendered":"Erectile dysfunction"},"content":{"rendered":"\n<p class=\"has-xlarge-font-size\">Sexual problems are often a taboo subject and many men have trouble talking about them. However, talking to a healthcare professional about it can help you learn more about the treatment options and ways to stop the situation from worsening.<\/p>\n\n\n\n<div class=\"wp-block-columns is-layout-flex wp-container-core-columns-is-layout-28f84493 wp-block-columns-is-layout-flex\">\n<div class=\"wp-block-column is-layout-flow wp-block-column-is-layout-flow\" style=\"flex-basis:66.66%\">\n<p><\/p>\n\n\n\n<h2 class=\"wp-block-heading\">How diabetes affects sexual function<\/h2>\n\n\n\n<p>Diabetes can have many adverse effects on sexual function, including an impact on:<\/p>\n\n\n\n<ul class=\"wp-block-list\">\n<li>the hormonal system, which controls the production of testosterone, the hormone of desire, whose rate may fall<\/li>\n\n\n\n<li>the nervous system, which can impair erections if the person suffers from\u00a0<a href=\"https:\/\/www.diabete.qc.ca\/en\/diabetes\/information-on-diabetes\/diabetes-complications\/neuropathy\/\" data-type=\"page\" data-id=\"13729\">neuropathy<\/a>, a complication of diabetes<\/li>\n\n\n\n<li>the cardiovascular system, which can obstruct the penile arteries<\/li>\n\n\n\n<li>the immune system, causing a man with diabetes to be at higher risk of infection, such as a fungal infection of the foreskin<\/li>\n<\/ul>\n<\/div>\n\n\n\n<div class=\"wp-block-column is-layout-flow wp-block-column-is-layout-flow\" style=\"flex-basis:33.33%\">\n<figure class=\"wp-block-image size-large\"><img loading=\"lazy\" decoding=\"async\" width=\"1024\" height=\"550\" src=\"\/wp-content\/uploads\/2023\/02\/Complications2-1291747772-1024x550.jpg\" alt=\"\" class=\"wp-image-14901\" srcset=\"https:\/\/www.diabete.qc.ca\/wp-content\/uploads\/2023\/02\/Complications2-1291747772-1024x550.jpg 1024w, https:\/\/www.diabete.qc.ca\/wp-content\/uploads\/2023\/02\/Complications2-1291747772-300x161.jpg 300w, https:\/\/www.diabete.qc.ca\/wp-content\/uploads\/2023\/02\/Complications2-1291747772-768x413.jpg 768w, https:\/\/www.diabete.qc.ca\/wp-content\/uploads\/2023\/02\/Complications2-1291747772-1536x826.jpg 1536w, https:\/\/www.diabete.qc.ca\/wp-content\/uploads\/2023\/02\/Complications2-1291747772.jpg 1920w\" sizes=\"auto, (max-width: 1024px) 100vw, 1024px\" \/><\/figure>\n<\/div>\n<\/div>\n\n\n\n<h2 class=\"wp-block-heading\">Erectile dysfunction<\/h2>\n\n\n\n<p>Diabetes is one of the main causes of erectile dysfunction. Consequently, erectile dysfunction is one of the sexual problems most often encountered by diabetic men.<\/p>\n\n\n\n<p>Erectile dysfunction has a negative impact on men\u2019s quality of life, regardless of age, and may be an early sign of cardiovascular disease. That is why it is important to talk about it with a healthcare professional.<\/p>\n\n\n\n<p>Risk factors:<\/p>\n\n\n\n<ul class=\"wp-block-list\">\n<li>age<\/li>\n\n\n\n<li>how long you have had diabetes<\/li>\n\n\n\n<li>poor diabetes control<\/li>\n\n\n\n<li>smoking<\/li>\n\n\n\n<li>hypertension (high blood pressure)<\/li>\n\n\n\n<li>dyslipidemia (for example: high blood cholesterol levels)<\/li>\n\n\n\n<li>androgen deficiency (low level of male sex hormones)<\/li>\n\n\n\n<li>cardiovascular diseases<\/li>\n<\/ul>\n\n\n\n<h2 class=\"wp-block-heading\">Cause<\/h2>\n\n\n\n<p>Because diabetes promotes atherosclerosis (fat deposits and hardening of the arteries) and the penis is supplied by very small blood vessels, these vessels are usually the first to be affected. When blood flow is compromised, erectile problems can appear. In addition, poorly controlled diabetes can clog the arteries of the penis and lead to neuropathy, a complication affecting the nerves of the penis.<\/p>\n\n\n\n<p>The psychological aspect of diabetes can also affect sexual function: the shock of the diagnosis, worry about the disease, etc.<\/p>\n\n\n\n<h2 class=\"wp-block-heading\">Treatment<\/h2>\n\n\n\n<p>It is important to consult a physician to be checked for sexual dysfunction and to find the appropriate treatment. Sometimes drugs (Levitra\u00ae, Viagra\u00ae, Cialis\u00ae) will be prescribed.<\/p>\n\n\n\n<p>There are many ways to have an active sex life despite sexual dysfunction. A psychologist or sexologist may be able to help you. Discuss this with your doctor.<\/p>\n\n\n\n<h2 class=\"wp-block-heading\">Prevention<\/h2>\n\n\n\n<p>To reduce the impact of aging and diabetes on your sexual activity and to prevent neuropathy, it is recommended that you:<\/p>\n\n\n\n<ul class=\"wp-block-list\">\n<li>Maintain good glycemic (blood sugar) control.<\/li>\n\n\n\n<li>Adopt a healthy lifestyle: stop smoking, maintain a healthy weight, be physically active, avoid excessive alcohol consumption, maintain a harmonious conjugal life with regular sexual activity, learn to better manage stress.<\/li>\n<\/ul>\n\n\n\n<hr class=\"wp-block-separator has-alpha-channel-opacity\"\/>\n\n\n\n<h2 class=\"wp-block-heading\">Resources for you<\/h2>\n\n\n\n<ul class=\"wp-block-list\">\n<li><a href=\"http:\/\/opsq.org\/\" target=\"_blank\" rel=\"noreferrer noopener\">Ordre professionnel des sexologues du Qu\u00e9bec<\/a> (French only)<\/li>\n<\/ul>\n\n\n\n<hr class=\"wp-block-separator has-alpha-channel-opacity\"\/>\n\n\n\n<p><strong>Research and writing&nbsp;:<\/strong>&nbsp;Diabetes Qu\u00e9bec&#8217;s Team of Health Professionals<\/p>\n\n\n\n<p>June 2014 (updated January 2019)<\/p>\n\n\n\n<p>\u00a9 Diabetes Qu\u00e9bec<\/p>\n\n\n\n<p><strong>References&nbsp;:<\/strong><\/p>\n\n\n\n<ul class=\"wp-block-list\">\n<li>Ma R. et Tong P. (2008). Dysfonctionnement \u00e9rectile chez les hommes atteints de diab\u00e8te \u2013 signe pr\u00e9coce de cardiopathie, Diabetes Voices vol 53, num 3 p.25-27 (F\u00e9d\u00e9ration International du Diab\u00e8te)<\/li>\n\n\n\n<li>Bebb R, Milllar M, Brock G. Diabetes Canada 2018 Clinical Practice Guidelines for the Prevention and Management of Diabetes in Canada: Sexual Dysfunction and Hypogonadism in Men with Diabetes. Can J Diabetes 2018; 42 (Suppl 1): S228-S233.<\/li>\n<\/ul>\n","protected":false},"excerpt":{"rendered":"<p>Sexual problems are often a taboo subject and many men have trouble talking about them. However, talking to a healthcare professional about it can help you learn more about the treatment options and ways to stop the situation from worsening. How diabetes affects sexual function Diabetes can have many adverse effects on sexual function, including&hellip;<\/p>\n","protected":false},"author":1,"featured_media":14902,"parent":24341,"menu_order":154,"comment_status":"closed","ping_status":"open","template":"","meta":{"_acf_changed":false,"_relevanssi_hide_post":"","_relevanssi_hide_content":"","_relevanssi_pin_for_all":"","_relevanssi_pin_keywords":"","_relevanssi_unpin_keywords":"","_relevanssi_related_keywords":"","_relevanssi_related_include_ids":"","_relevanssi_related_exclude_ids":"","_relevanssi_related_no_append":"","_relevanssi_related_not_related":"","_relevanssi_related_posts":"12646,12882,12656,68,12880,11765","_relevanssi_noindex_reason":"","footnotes":""},"class_list":["post-13177","page","type-page","status-publish","has-post-thumbnail","hentry"],"acf":[],"_links":{"self":[{"href":"https:\/\/www.diabete.qc.ca\/en\/wp-json\/wp\/v2\/pages\/13177","targetHints":{"allow":["GET"]}}],"collection":[{"href":"https:\/\/www.diabete.qc.ca\/en\/wp-json\/wp\/v2\/pages"}],"about":[{"href":"https:\/\/www.diabete.qc.ca\/en\/wp-json\/wp\/v2\/types\/page"}],"author":[{"embeddable":true,"href":"https:\/\/www.diabete.qc.ca\/en\/wp-json\/wp\/v2\/users\/1"}],"replies":[{"embeddable":true,"href":"https:\/\/www.diabete.qc.ca\/en\/wp-json\/wp\/v2\/comments?post=13177"}],"version-history":[{"count":8,"href":"https:\/\/www.diabete.qc.ca\/en\/wp-json\/wp\/v2\/pages\/13177\/revisions"}],"predecessor-version":[{"id":31299,"href":"https:\/\/www.diabete.qc.ca\/en\/wp-json\/wp\/v2\/pages\/13177\/revisions\/31299"}],"up":[{"embeddable":true,"href":"https:\/\/www.diabete.qc.ca\/en\/wp-json\/wp\/v2\/pages\/24341"}],"wp:featuredmedia":[{"embeddable":true,"href":"https:\/\/www.diabete.qc.ca\/en\/wp-json\/wp\/v2\/media\/14902"}],"wp:attachment":[{"href":"https:\/\/www.diabete.qc.ca\/en\/wp-json\/wp\/v2\/media?parent=13177"}],"curies":[{"name":"wp","href":"https:\/\/api.w.org\/{rel}","templated":true}]}}