{"id":12,"date":"2022-11-30T11:08:54","date_gmt":"2022-11-30T16:08:54","guid":{"rendered":"https:\/\/www.diabete.qc.ca\/?page_id=12"},"modified":"2023-06-08T11:48:29","modified_gmt":"2023-06-08T15:48:29","slug":"terms-of-use","status":"publish","type":"page","link":"https:\/\/www.diabete.qc.ca\/en\/terms-of-use\/","title":{"rendered":"Terms of use"},"content":{"rendered":"\n<p><\/p>\n\n\n\n<p>The purpose of Diabetes Qu\u00e9bec\u2019s website is to offer reliable, up-to-date and user-friendly information about diabetes to people living with diabetes, their family members, friends and colleagues, as well as to health professionals.<\/p>\n\n\n\n<h2 class=\"wp-block-heading\">Warning<\/h2>\n\n\n\n<p>The website\u2019s content and the tests mentioned on this site do not in any way constitute or replace a medical consultation. This information is made available to users for information purposes only and does not, under any circumstances, constitute a recommendation for treatment or a diagnosis.<\/p>\n\n\n\n<p>Only a consultation with a doctor can diagnose and treat diabetes.<\/p>\n\n\n\n<h2 class=\"wp-block-heading\">Professionalism<\/h2>\n\n\n\n<p>The texts on this website have been written specifically for this website. They have been read, corrected and reviewed by one or more health or communications professionals. Some texts are adapted from the magazine <em>Plein Soleil<\/em>, a Diabetes Qu\u00e9bec publication. Diabetes Qu\u00e9bec maintains editorial independence for all content on its website.<\/p>\n\n\n\n<p>The texts usually include a signature, the date they were originally written and the date they were revised, as well as the source(s) of the information.<\/p>\n\n\n\n<p>The editorial committee is composed of Ms. Val\u00e9rie Savard, Dt.P., M.Sc., Dietitian-Nutritionist, and Ms. Julie St-Jean, Dt.P., \u00c9AD, Dietitian-Nutritionist and Certified Diabetes Educator. The professional health care authors who contribute to the content of this website receive no financial compensation from the pharmaceutical industry or their laboratories or from any manufacturer of medical products or supplies.<\/p>\n\n\n\n<h2 class=\"wp-block-heading\">Copyright: texts<\/h2>\n\n\n\n<p>Diabetes Qu\u00e9bec holds the copyright to the texts published on its website, unless otherwise indicated at the end of a text.<\/p>\n\n\n\n<p>All requests to use the texts must be sent in writing to Ms. Julie St-Jean, Dietitian-Nutritionist and Professional services coordinator at Diabetes Qu\u00e9bec, at <a href=\"mailto:stjean@diabete.qc.ca\">stjean@diabete.qc.ca<\/a> and must specify the context of use.<\/p>\n\n\n\n<h2 class=\"wp-block-heading\">Copyright: photos and graphics<\/h2>\n\n\n\n<p>The photos and graphics belong to their respective authors and written permission must be obtained before they can be reproduced. All requests for reproduction permission must be sent in writing to Ms. Julie St-Jean, Dietitian-Nutritionist and Professional services coordinator at Diabetes Qu\u00e9bec, at <a href=\"mailto:stjean@diabete.qc.ca\">stjean@diabete.qc.ca<\/a>.<\/p>\n\n\n\n<h2 class=\"wp-block-heading\">Cookies<\/h2>\n\n\n\n<p>Diabete.qc.ca uses Google Analytics and cookies to analyze the use of its website by its users. A cookie is a small text file placed on your hard drive by a webpage server. Cookies cannot run programs or infect your computer with viruses. Cookies are addressed exclusively to you and can only be read by the web servers belonging to our domain.<\/p>\n\n\n\n<p>We use this technology as a tool to compile statistics relating to the use of our website. These statistics include the number of visitors who clicked on key items. You can accept or decline cookies. Most web browsers accept cookies automatically, but you can change your browser settings to deny them access to your computer if you wish.<\/p>\n\n\n\n<h2 class=\"wp-block-heading\">Personal Information<\/h2>\n\n\n\n<p>Diabetes Qu\u00e9bec compiles, in its database, the information voluntarily provided by donors, members or people who purchase materials. All this information remains strictly confidential. Diabetes Qu\u00e9bec does not sell, rent or transfer the information contained in its database under any circumstance or in any form whatsoever. Although it is possible to know who visits its website, Diabetes Qu\u00e9bec only uses this information for statistical purposes in order to better meet user needs.<\/p>\n\n\n\n<h2 class=\"wp-block-heading\">Advertising<\/h2>\n\n\n\n<p>Diabetes Qu\u00e9bec does not sell advertising space on its website. Diabetes Qu\u00e9bec pays for the development and management of its site. Diabetes Qu\u00e9bec&#8217;s funding comes from membership dues and from personal and corporate donations.<\/p>\n\n\n\n<h2 class=\"wp-block-heading\">Useful links<\/h2>\n\n\n\n<p>Diabetes Qu\u00e9bec provides a section of hyperlinks to other websites. These hyperlinks are provided for informational purposes only. Diabetes Qu\u00e9bec does not endorse any product and cannot in any way be held responsible for the content of the suggested websites.<\/p>\n\n\n\n<p>@Diabetes Qu\u00e9bec 2022<\/p>\n","protected":false},"excerpt":{"rendered":"<p>The purpose of Diabetes Qu\u00e9bec\u2019s website is to offer reliable, up-to-date and user-friendly information about diabetes to people living with diabetes, their family members, friends and colleagues, as well as to health professionals. Warning The website\u2019s content and the tests mentioned on this site do not in any way constitute or replace a medical consultation.&hellip;<\/p>\n","protected":false},"author":1,"featured_media":0,"parent":0,"menu_order":0,"comment_status":"closed","ping_status":"closed","template":"","meta":{"_acf_changed":false,"_relevanssi_hide_post":"","_relevanssi_hide_content":"","_relevanssi_pin_for_all":"","_relevanssi_pin_keywords":"","_relevanssi_unpin_keywords":"","_relevanssi_related_keywords":"","_relevanssi_related_include_ids":"","_relevanssi_related_exclude_ids":"","_relevanssi_related_no_append":"","_relevanssi_related_not_related":"","_relevanssi_related_posts":"24602,24599,194,26373,24601,24567","_relevanssi_noindex_reason":"","footnotes":""},"class_list":["post-12","page","type-page","status-publish","hentry"],"acf":[],"_links":{"self":[{"href":"https:\/\/www.diabete.qc.ca\/en\/wp-json\/wp\/v2\/pages\/12","targetHints":{"allow":["GET"]}}],"collection":[{"href":"https:\/\/www.diabete.qc.ca\/en\/wp-json\/wp\/v2\/pages"}],"about":[{"href":"https:\/\/www.diabete.qc.ca\/en\/wp-json\/wp\/v2\/types\/page"}],"author":[{"embeddable":true,"href":"https:\/\/www.diabete.qc.ca\/en\/wp-json\/wp\/v2\/users\/1"}],"replies":[{"embeddable":true,"href":"https:\/\/www.diabete.qc.ca\/en\/wp-json\/wp\/v2\/comments?post=12"}],"version-history":[{"count":6,"href":"https:\/\/www.diabete.qc.ca\/en\/wp-json\/wp\/v2\/pages\/12\/revisions"}],"predecessor-version":[{"id":29607,"href":"https:\/\/www.diabete.qc.ca\/en\/wp-json\/wp\/v2\/pages\/12\/revisions\/29607"}],"wp:attachment":[{"href":"https:\/\/www.diabete.qc.ca\/en\/wp-json\/wp\/v2\/media?parent=12"}],"curies":[{"name":"wp","href":"https:\/\/api.w.org\/{rel}","templated":true}]}}